{"id":10034,"date":"2026-03-27T02:07:39","date_gmt":"2026-03-27T02:07:39","guid":{"rendered":"https:\/\/ivan-macias.com\/?page_id=10034"},"modified":"2026-03-30T04:53:05","modified_gmt":"2026-03-30T04:53:05","slug":"mirar-desde-dentro-autismo-y-fotografia","status":"publish","type":"page","link":"https:\/\/ivan-macias.com\/en\/mirar-desde-dentro-autismo-y-fotografia\/","title":{"rendered":"Mirar Desde Dentro: Autismo y Fotograf\u00eda"},"content":{"rendered":"<div class=\"wp-block-cover alignfull has-parallax\" style=\"min-height:337px;aspect-ratio:unset;\"><div class=\"wp-block-cover__image-background wp-image-10043 size-full has-parallax\" style=\"background-position:50% 50%;background-image:url(https:\/\/ivan-macias.com\/wp-content\/uploads\/2026\/03\/crop-0-0-2560-1706-0-DSC3388-Documental-Mercado-Jamaica-local-flores-nino-dormido-banco-manana-CDMX-scaled.jpg)\"><\/div><span aria-hidden=\"true\" class=\"wp-block-cover__background has-background-dim-0 has-background-dim\" style=\"background-color:#6e6950\"><\/span><div class=\"wp-block-cover__inner-container has-global-padding is-layout-constrained wp-block-cover-is-layout-constrained\">\n<p class=\"has-text-align-center has-playfair-display-font-family has-custom-font\" style=\"font-size:clamp(1.976rem, 1.976rem + ((1vw - 0.2rem) * 2.54), 3.5rem);font-family:playfair-display\">Mirar Desde Dentro: <\/p>\n\n\n\n<p class=\"has-text-align-center has-playfair-display-font-family has-custom-font\" style=\"font-size:clamp(16.293px, 1.018rem + ((1vw - 3.2px) * 0.907), 25px);font-family:playfair-display\">Autism and Photography<\/p>\n<\/div><\/div>\n\n\n\n<p class=\"has-text-align-left has-montserrat-font-family has-custom-font\" style=\"font-family:montserrat\">\u201cEl coraz\u00f3n y la mente son la verdadera lente de la c\u00e1mara.\u201d<br>\u2014 Yousuf Karsh<\/p>\n\n\n\n<div style=\"height:0px\" aria-hidden=\"true\" class=\"wp-block-spacer\"><\/div>\n\n\n\n<div class=\"wp-block-group alignwide has-global-padding is-layout-constrained wp-container-core-group-is-layout-14f9794b wp-block-group-is-layout-constrained\">\n<p class=\"has-text-align-left is-style-error has-base-2-color has-text-color has-background has-link-color has-montserrat-font-family coblocks-animate has-custom-font wp-elements-e9384951bff661aeedafc0db1a80b83e\" style=\"border-style:none;border-width:0px;background-color:#2a2a2a;margin-top:0;margin-right:0;margin-bottom:0;margin-left:0;font-family:montserrat\" data-coblocks-animation=\"fadeIn\">Una c\u00e1mara puede ser mucho m\u00e1s que un simple objeto; puede volverse una extensi\u00f3n fundamental de qui\u00e9nes somos.<br><br><strong>Mi autismo encontr\u00f3 en la fotograf\u00eda a la aliada perfecta.<\/strong> Se convirti\u00f3 en mi refugio y en mi voz; en la herramienta para explorar mis emociones, conectar con las historias de otros y descubrir la belleza en los detalles que suelen pasar inadvertidos.<br><br>En este viaje de autoconocimiento, <strong>mi neurodivergencia nunca ha sido una limitaci\u00f3n, sino el motor de mi evoluci\u00f3n.<\/strong> <br><br>La fotograf\u00eda creci\u00f3, tropez\u00f3 y celebr\u00f3 \u00e9xitos conmigo, ayud\u00e1ndome a aceptarme no solo como creador, sino como persona.Te invito a recorrer esta exposici\u00f3n y descubrir, a trav\u00e9s de mi mirada, la esencia de <em>Mirar desde dentro<\/em>.<\/p>\n<\/div>\n\n\n\n<div class=\"wp-block-media-text is-stacked-on-mobile coblocks-animate\" style=\"border-style:none;border-width:0px;border-top-left-radius:58px;border-top-right-radius:58px;border-bottom-left-radius:58px;border-bottom-right-radius:58px\" data-coblocks-animation=\"fadeIn\"><figure class=\"wp-block-media-text__media\"><a href=\"https:\/\/ivan-macias.com\/en\/refugios-en-silencio\/\"><img loading=\"lazy\" decoding=\"async\" width=\"1200\" height=\"1200\" src=\"https:\/\/ivan-macias.com\/wp-content\/uploads\/2026\/03\/Torre.jpg\" alt=\"\" class=\"wp-image-10063 size-full\" srcset=\"https:\/\/ivan-macias.com\/wp-content\/uploads\/2026\/03\/Torre.jpg 1200w, https:\/\/ivan-macias.com\/wp-content\/uploads\/2026\/03\/Torre-768x768.jpg 768w, https:\/\/ivan-macias.com\/wp-content\/uploads\/2026\/03\/Torre-12x12.jpg 12w, https:\/\/ivan-macias.com\/wp-content\/uploads\/2026\/03\/Torre-430x430.jpg 430w, https:\/\/ivan-macias.com\/wp-content\/uploads\/2026\/03\/Torre-700x700.jpg 700w, https:\/\/ivan-macias.com\/wp-content\/uploads\/2026\/03\/Torre-100x100.jpg 100w\" sizes=\"auto, (max-width: 1200px) 100vw, 1200px\" \/><\/a><\/figure><div class=\"wp-block-media-text__content\">\n<p class=\"has-playfair-display-font-family has-custom-font\" style=\"font-size:clamp(14px, 0.875rem + ((1vw - 3.2px) * 0.521), 19px);font-family:playfair-display\"><strong>Secci\u00f3n 1: Refugios en Silencio<\/strong><\/p>\n\n\n\n<p class=\"has-playfair-display-font-family has-custom-font\" style=\"font-family:playfair-display\">La c\u00e1mara como una distancia segura y silenciosa. Una mirada a la evitaci\u00f3n del contacto social y la b\u00fasqueda de tranquilidad en la soledad.<\/p>\n\n\n\n<p class=\"has-text-align-center has-playfair-display-font-family has-custom-font\" style=\"font-family:playfair-display\"><a href=\"https:\/\/ivan-macias.com\/en\/refugios-en-silencio\/\">Explorar sala<\/a><\/p>\n<\/div><\/div>\n\n\n\n<div class=\"wp-block-media-text has-media-on-the-right is-stacked-on-mobile coblocks-animate\" style=\"border-style:none;border-width:0px\" data-coblocks-animation=\"fadeIn\"><div class=\"wp-block-media-text__content\">\n<p class=\"has-playfair-display-font-family has-custom-font\" style=\"font-size:clamp(14px, 0.875rem + ((1vw - 3.2px) * 0.521), 19px);font-family:playfair-display\"><strong>Secci\u00f3n 2: Universos Ocultos<\/strong><\/p>\n\n\n\n<p class=\"has-playfair-display-font-family has-custom-font\" style=\"font-family:playfair-display\">La fascinaci\u00f3n por los detalles desapercibidos a trav\u00e9s de la macrofotograf\u00eda. Una exploraci\u00f3n visual de la <em>coherencia central d\u00e9bil<\/em>.<\/p>\n<\/div><figure class=\"wp-block-media-text__media\"><a href=\"https:\/\/ivan-macias.com\/en\/universos-ocultos\/\"><img loading=\"lazy\" decoding=\"async\" width=\"1200\" height=\"1200\" src=\"https:\/\/ivan-macias.com\/wp-content\/uploads\/2026\/03\/Pluma-pavo-real.jpg\" alt=\"\" class=\"wp-image-10084 size-full\" srcset=\"https:\/\/ivan-macias.com\/wp-content\/uploads\/2026\/03\/Pluma-pavo-real.jpg 1200w, https:\/\/ivan-macias.com\/wp-content\/uploads\/2026\/03\/Pluma-pavo-real-768x768.jpg 768w, https:\/\/ivan-macias.com\/wp-content\/uploads\/2026\/03\/Pluma-pavo-real-12x12.jpg 12w, https:\/\/ivan-macias.com\/wp-content\/uploads\/2026\/03\/Pluma-pavo-real-430x430.jpg 430w, https:\/\/ivan-macias.com\/wp-content\/uploads\/2026\/03\/Pluma-pavo-real-700x700.jpg 700w, https:\/\/ivan-macias.com\/wp-content\/uploads\/2026\/03\/Pluma-pavo-real-100x100.jpg 100w\" sizes=\"auto, (max-width: 1200px) 100vw, 1200px\" \/><\/a><\/figure><\/div>\n\n\n\n<div class=\"wp-block-media-text is-stacked-on-mobile coblocks-animate\" style=\"border-style:none;border-width:0px\" data-coblocks-animation=\"fadeIn\"><figure class=\"wp-block-media-text__media\"><a href=\"https:\/\/ivan-macias.com\/en\/el-caos-y-sus-equilibrios\/\"><img loading=\"lazy\" decoding=\"async\" width=\"1200\" height=\"1200\" src=\"https:\/\/ivan-macias.com\/wp-content\/uploads\/2026\/03\/Nacional.jpg\" alt=\"\" class=\"wp-image-10073 size-full\" srcset=\"https:\/\/ivan-macias.com\/wp-content\/uploads\/2026\/03\/Nacional.jpg 1200w, https:\/\/ivan-macias.com\/wp-content\/uploads\/2026\/03\/Nacional-768x768.jpg 768w, https:\/\/ivan-macias.com\/wp-content\/uploads\/2026\/03\/Nacional-12x12.jpg 12w, https:\/\/ivan-macias.com\/wp-content\/uploads\/2026\/03\/Nacional-430x430.jpg 430w, https:\/\/ivan-macias.com\/wp-content\/uploads\/2026\/03\/Nacional-700x700.jpg 700w, https:\/\/ivan-macias.com\/wp-content\/uploads\/2026\/03\/Nacional-100x100.jpg 100w\" sizes=\"auto, (max-width: 1200px) 100vw, 1200px\" \/><\/a><\/figure><div class=\"wp-block-media-text__content\">\n<p class=\"has-playfair-display-font-family has-custom-font\" style=\"font-size:clamp(14px, 0.875rem + ((1vw - 3.2px) * 0.521), 19px);font-family:playfair-display\"><strong>Secci\u00f3n 3: El Caos y sus equilibrios<\/strong><\/p>\n\n\n\n<p class=\"has-playfair-display-font-family has-custom-font\" style=\"font-family:playfair-display\">La composici\u00f3n sim\u00e9trica como un refugio visual frente a la <em>disfunci\u00f3n ejecutiva<\/em>. Transformar el caos cognitivo en armon\u00eda predecible.<\/p>\n\n\n\n<p class=\"has-text-align-center has-playfair-display-font-family has-custom-font\" style=\"font-family:playfair-display\"><a href=\"https:\/\/ivan-macias.com\/en\/el-caos-y-sus-equilibrios\/\">Explorar sala<\/a><\/p>\n<\/div><\/div>\n\n\n\n<div class=\"wp-block-media-text has-media-on-the-right is-stacked-on-mobile coblocks-animate\" style=\"border-style:none;border-width:0px\" data-coblocks-animation=\"fadeIn\"><div class=\"wp-block-media-text__content\">\n<p class=\"has-playfair-display-font-family has-custom-font\" style=\"font-size:clamp(14px, 0.875rem + ((1vw - 3.2px) * 0.521), 19px);font-family:playfair-display\"><strong>Secci\u00f3n 4: El enigma de la mirada<\/strong><\/p>\n\n\n\n<p class=\"has-playfair-display-font-family has-custom-font\" style=\"font-family:playfair-display\">El reto de descifrar la <em>teor\u00eda de la mente<\/em> a trav\u00e9s del retrato. Un esfuerzo consciente por comprender la complejidad de las emociones humanas.<\/p>\n\n\n\n<p class=\"has-text-align-center has-playfair-display-font-family has-custom-font\" style=\"font-family:playfair-display\"><a href=\"https:\/\/ivan-macias.com\/en\/el-enigma-de-la-mirada\/\">Explorar sala<\/a><\/p>\n<\/div><figure class=\"wp-block-media-text__media\"><a href=\"https:\/\/ivan-macias.com\/en\/el-enigma-de-la-mirada\/\"><img loading=\"lazy\" decoding=\"async\" width=\"1200\" height=\"1200\" src=\"https:\/\/ivan-macias.com\/wp-content\/uploads\/2026\/03\/Nino-Virgen-de-Guadalupe-12-de-diciembre.jpg\" alt=\"\" class=\"wp-image-10076 size-full\" srcset=\"https:\/\/ivan-macias.com\/wp-content\/uploads\/2026\/03\/Nino-Virgen-de-Guadalupe-12-de-diciembre.jpg 1200w, https:\/\/ivan-macias.com\/wp-content\/uploads\/2026\/03\/Nino-Virgen-de-Guadalupe-12-de-diciembre-768x768.jpg 768w, https:\/\/ivan-macias.com\/wp-content\/uploads\/2026\/03\/Nino-Virgen-de-Guadalupe-12-de-diciembre-12x12.jpg 12w, https:\/\/ivan-macias.com\/wp-content\/uploads\/2026\/03\/Nino-Virgen-de-Guadalupe-12-de-diciembre-430x430.jpg 430w, https:\/\/ivan-macias.com\/wp-content\/uploads\/2026\/03\/Nino-Virgen-de-Guadalupe-12-de-diciembre-700x700.jpg 700w, https:\/\/ivan-macias.com\/wp-content\/uploads\/2026\/03\/Nino-Virgen-de-Guadalupe-12-de-diciembre-100x100.jpg 100w\" sizes=\"auto, (max-width: 1200px) 100vw, 1200px\" \/><\/a><\/figure><\/div>\n\n\n\n<div class=\"wp-block-media-text is-stacked-on-mobile coblocks-animate\" style=\"border-style:none;border-width:0px\" data-coblocks-animation=\"fadeIn\"><figure class=\"wp-block-media-text__media\"><a href=\"https:\/\/ivan-macias.com\/en\/narrativas-visuales-compartidas\/\"><img loading=\"lazy\" decoding=\"async\" width=\"1200\" height=\"1200\" src=\"https:\/\/ivan-macias.com\/wp-content\/uploads\/2026\/03\/Pintura-Comcaac-Indigena.jpg\" alt=\"\" class=\"wp-image-10082 size-full\" srcset=\"https:\/\/ivan-macias.com\/wp-content\/uploads\/2026\/03\/Pintura-Comcaac-Indigena.jpg 1200w, https:\/\/ivan-macias.com\/wp-content\/uploads\/2026\/03\/Pintura-Comcaac-Indigena-768x768.jpg 768w, https:\/\/ivan-macias.com\/wp-content\/uploads\/2026\/03\/Pintura-Comcaac-Indigena-12x12.jpg 12w, https:\/\/ivan-macias.com\/wp-content\/uploads\/2026\/03\/Pintura-Comcaac-Indigena-430x430.jpg 430w, https:\/\/ivan-macias.com\/wp-content\/uploads\/2026\/03\/Pintura-Comcaac-Indigena-700x700.jpg 700w, https:\/\/ivan-macias.com\/wp-content\/uploads\/2026\/03\/Pintura-Comcaac-Indigena-100x100.jpg 100w\" sizes=\"auto, (max-width: 1200px) 100vw, 1200px\" \/><\/a><\/figure><div class=\"wp-block-media-text__content\">\n<p class=\"has-playfair-display-font-family has-custom-font\" style=\"font-size:clamp(14px, 0.875rem + ((1vw - 3.2px) * 0.521), 19px);font-family:playfair-display\"><strong>Secci\u00f3n 5: Narrativas visuales compartidas<\/strong><\/p>\n\n\n\n<p class=\"has-playfair-display-font-family has-custom-font\" style=\"font-family:playfair-display\">La imagen convertida en un puente para superar el <em>fallo de la intersubjetividad<\/em>. Contar historias para crear v\u00ednculos y sintonizar con el otro.<\/p>\n\n\n\n<p class=\"has-text-align-center has-playfair-display-font-family has-custom-font\" style=\"font-family:playfair-display\"><a href=\"https:\/\/ivan-macias.com\/en\/narrativas-visuales-compartidas\/\">Explorar sala<\/a><\/p>\n<\/div><\/div>\n\n\n\n<div class=\"wp-block-media-text has-media-on-the-right is-stacked-on-mobile coblocks-animate\" style=\"border-style:none;border-width:0px\" data-coblocks-animation=\"fadeIn\"><div class=\"wp-block-media-text__content\">\n<p class=\"has-playfair-display-font-family has-custom-font\" style=\"font-size:clamp(14px, 0.875rem + ((1vw - 3.2px) * 0.521), 19px);font-family:playfair-display\"><strong>Secci\u00f3n 6: Sentir intensamente<\/strong><\/p>\n\n\n\n<p class=\"has-playfair-display-font-family has-custom-font\" style=\"font-family:playfair-display\">Documentar un <em>mundo intenso<\/em> donde la realidad se percibe con una sensibilidad amplificada. La fotograf\u00eda como lenguaje para ordenar lo que abruma.<\/p>\n\n\n\n<p class=\"has-text-align-center has-playfair-display-font-family has-custom-font\" style=\"font-family:playfair-display\"><a href=\"https:\/\/ivan-macias.com\/en\/sentir-intensamente\/\">Explorar sala<\/a><\/p>\n<\/div><figure class=\"wp-block-media-text__media\"><a href=\"https:\/\/ivan-macias.com\/en\/sentir-intensamente\/\"><img loading=\"lazy\" decoding=\"async\" width=\"1200\" height=\"1200\" src=\"https:\/\/ivan-macias.com\/wp-content\/uploads\/2026\/03\/Fuego-y-Fe.jpg\" alt=\"\" class=\"wp-image-9812 size-full\" srcset=\"https:\/\/ivan-macias.com\/wp-content\/uploads\/2026\/03\/Fuego-y-Fe.jpg 1200w, https:\/\/ivan-macias.com\/wp-content\/uploads\/2026\/03\/Fuego-y-Fe-768x768.jpg 768w, https:\/\/ivan-macias.com\/wp-content\/uploads\/2026\/03\/Fuego-y-Fe-430x430.jpg 430w, https:\/\/ivan-macias.com\/wp-content\/uploads\/2026\/03\/Fuego-y-Fe-700x700.jpg 700w, https:\/\/ivan-macias.com\/wp-content\/uploads\/2026\/03\/Fuego-y-Fe-100x100.jpg 100w\" sizes=\"auto, (max-width: 1200px) 100vw, 1200px\" \/><\/a><\/figure><\/div>\n\n\n\n<div style=\"height:12px\" aria-hidden=\"true\" class=\"wp-block-spacer\"><\/div>\n\n\n\n<p class=\"has-montserrat-font-family has-custom-font\" style=\"font-family:montserrat\">Una fotograf\u00eda nace en la mirada de quien la crea. Y vuelve a nacer en el alma de quien la contempla, donde encuentra verdadero significado.<\/p>","protected":false},"excerpt":{"rendered":"<p>\u201cEl coraz\u00f3n y la mente son la verdadera lente de la c\u00e1mara.\u201d\u2014 Yousuf Karsh Una c\u00e1mara puede ser mucho m\u00e1s que un simple objeto; puede volverse una extensi\u00f3n fundamental de qui\u00e9nes somos. Mi autismo encontr\u00f3 en la fotograf\u00eda a la aliada perfecta. Se convirti\u00f3 en mi refugio y en mi voz; en la herramienta para [&hellip;]<\/p>\n","protected":false},"author":1,"featured_media":0,"parent":0,"menu_order":0,"comment_status":"closed","ping_status":"closed","template":"page-no-title","meta":{"_coblocks_attr":"","_coblocks_dimensions":"","_coblocks_responsive_height":"","_coblocks_accordion_ie_support":"","footnotes":""},"class_list":["post-10034","page","type-page","status-publish","hentry"],"_links":{"self":[{"href":"https:\/\/ivan-macias.com\/en\/wp-json\/wp\/v2\/pages\/10034","targetHints":{"allow":["GET"]}}],"collection":[{"href":"https:\/\/ivan-macias.com\/en\/wp-json\/wp\/v2\/pages"}],"about":[{"href":"https:\/\/ivan-macias.com\/en\/wp-json\/wp\/v2\/types\/page"}],"author":[{"embeddable":true,"href":"https:\/\/ivan-macias.com\/en\/wp-json\/wp\/v2\/users\/1"}],"replies":[{"embeddable":true,"href":"https:\/\/ivan-macias.com\/en\/wp-json\/wp\/v2\/comments?post=10034"}],"version-history":[{"count":38,"href":"https:\/\/ivan-macias.com\/en\/wp-json\/wp\/v2\/pages\/10034\/revisions"}],"predecessor-version":[{"id":10439,"href":"https:\/\/ivan-macias.com\/en\/wp-json\/wp\/v2\/pages\/10034\/revisions\/10439"}],"wp:attachment":[{"href":"https:\/\/ivan-macias.com\/en\/wp-json\/wp\/v2\/media?parent=10034"}],"curies":[{"name":"wp","href":"https:\/\/api.w.org\/{rel}","templated":true}]}}