{"id":10100,"date":"2026-03-28T22:59:41","date_gmt":"2026-03-28T22:59:41","guid":{"rendered":"https:\/\/ivan-macias.com\/?page_id=10100"},"modified":"2026-03-30T01:44:34","modified_gmt":"2026-03-30T01:44:34","slug":"refugios-en-silencio","status":"publish","type":"page","link":"https:\/\/ivan-macias.com\/en\/refugios-en-silencio\/","title":{"rendered":"Refugios en Silencio"},"content":{"rendered":"<p class=\"has-playfair-display-font-family has-custom-font\" style=\"font-family:playfair-display\">\u201cCuando descubr\u00ed la fotograf\u00eda, los paisajes se convirtieron en mi refugio seguro. La c\u00e1mara me permiti\u00f3 establecer una distancia c\u00f3moda, necesaria para protegerme del contacto social que me resultaba tan dif\u00edcil. Me refugi\u00e9 en la soledad, capturando escenas urbanas y naturales que revelaban su belleza precisamente desde esa distancia segura. Fue mi forma silenciosa de conectar con el mundo.\u201d<\/p>\n\n\n\n<p class=\"has-playfair-display-font-family has-custom-font\" style=\"font-family:playfair-display\"><strong>Cartograf\u00eda de la mente autista:<\/strong><br><strong>Evitaci\u00f3n de contacto social<\/strong>. En muchas personas autistas, el contacto social directo puede vivirse como una fuente de sobrecarga sensorial y emocional. Tomar distancia, limitar las interacciones o buscar espacios abiertos no significa desinter\u00e9s por los dem\u00e1s, sino una estrategia de autocuidado para regular la ansiedad y el estr\u00e9s que provoca el encuentro cara a cara. En estas im\u00e1genes de paisaje, la mirada se refugia lejos de la multitud: la tranquilidad en la distancia, la seguridad emocional en la soledad.<\/p>\n\n\n\n<p class=\"has-contrast-3-color has-text-color has-link-color has-montserrat-font-family has-custom-font wp-elements-5cd8e4d8ece84cd959e40582abca010f\" style=\"font-style:italic;font-weight:400;font-family:montserrat\">Haz clic sobre cada obra para explorar detalles t\u00e9cnicos, formatos y opciones de adquisici\u00f3n.<\/p>\n\n\n\n<hr class=\"wp-block-separator has-alpha-channel-opacity\"\/>\n\n\n\n<div class=\"wp-block-columns alignwide are-vertically-aligned-top coblocks-animate is-layout-flex wp-container-core-columns-is-layout-e0e4babd wp-block-columns-is-layout-flex\" style=\"padding-right:0;padding-left:0\" data-coblocks-animation=\"fadeIn\">\n<div class=\"wp-block-column is-vertically-aligned-top is-layout-flow wp-block-column-is-layout-flow\">\n<figure class=\"wp-block-image size-full is-style-default has-lightbox\"><a href=\"https:\/\/ivan-macias.com\/en\/product\/nubes-de-oro\/\"><img decoding=\"async\" src=\"https:\/\/ivan-macias.com\/wp-content\/uploads\/2026\/03\/Foto-4-Paisaje-amanecer-naranja-gaviotas-nubes-sol-Holbox.jpg\" alt=\"\" class=\"wp-image-10108\"\/><\/a><figcaption class=\"wp-element-caption\">Nubes de Oro<\/figcaption><\/figure>\n<\/div>\n\n\n\n<div class=\"wp-block-column is-vertically-aligned-top is-layout-flow wp-block-column-is-layout-flow\">\n<figure class=\"wp-block-image size-full has-lightbox\"><a href=\"https:\/\/ivan-macias.com\/en\/product\/costales-de-sal\/\"><img loading=\"lazy\" decoding=\"async\" width=\"2560\" height=\"1706\" src=\"https:\/\/ivan-macias.com\/wp-content\/uploads\/2026\/03\/DSC2516-Paisaje-mar-rocas-costa-amanecer-personas-larga-exposicion-Playa-Tijeras-Oaxaca-scaled.jpg\" alt=\"\" class=\"wp-image-10142\" srcset=\"https:\/\/ivan-macias.com\/wp-content\/uploads\/2026\/03\/DSC2516-Paisaje-mar-rocas-costa-amanecer-personas-larga-exposicion-Playa-Tijeras-Oaxaca-scaled.jpg 2560w, https:\/\/ivan-macias.com\/wp-content\/uploads\/2026\/03\/DSC2516-Paisaje-mar-rocas-costa-amanecer-personas-larga-exposicion-Playa-Tijeras-Oaxaca-768x512.jpg 768w, https:\/\/ivan-macias.com\/wp-content\/uploads\/2026\/03\/DSC2516-Paisaje-mar-rocas-costa-amanecer-personas-larga-exposicion-Playa-Tijeras-Oaxaca-1536x1024.jpg 1536w, https:\/\/ivan-macias.com\/wp-content\/uploads\/2026\/03\/DSC2516-Paisaje-mar-rocas-costa-amanecer-personas-larga-exposicion-Playa-Tijeras-Oaxaca-2048x1365.jpg 2048w, https:\/\/ivan-macias.com\/wp-content\/uploads\/2026\/03\/DSC2516-Paisaje-mar-rocas-costa-amanecer-personas-larga-exposicion-Playa-Tijeras-Oaxaca-18x12.jpg 18w, https:\/\/ivan-macias.com\/wp-content\/uploads\/2026\/03\/DSC2516-Paisaje-mar-rocas-costa-amanecer-personas-larga-exposicion-Playa-Tijeras-Oaxaca-430x287.jpg 430w, https:\/\/ivan-macias.com\/wp-content\/uploads\/2026\/03\/DSC2516-Paisaje-mar-rocas-costa-amanecer-personas-larga-exposicion-Playa-Tijeras-Oaxaca-700x467.jpg 700w\" sizes=\"auto, (max-width: 2560px) 100vw, 2560px\" \/><\/a><figcaption class=\"wp-element-caption\">Costales de Sal<\/figcaption><\/figure>\n<\/div>\n<\/div>\n\n\n\n<div class=\"wp-block-columns alignwide coblocks-animate is-layout-flex wp-container-core-columns-is-layout-28f84493 wp-block-columns-is-layout-flex\" data-coblocks-animation=\"fadeIn\">\n<div class=\"wp-block-column is-layout-flow wp-block-column-is-layout-flow\">\n<figure class=\"wp-block-image size-full has-lightbox\"><a href=\"https:\/\/ivan-macias.com\/en\/product\/celeste-espejo\/\"><img loading=\"lazy\" decoding=\"async\" width=\"2560\" height=\"1707\" src=\"https:\/\/ivan-macias.com\/wp-content\/uploads\/2026\/03\/Foto-2-_DSC2350-Paisaje-pelicanos-rocas-farallon-costa-mar-sol-amanecer-naranja-larga-exposicion-Playa-Boca-Vieja-Oaxaca-scaled.jpg\" alt=\"\" class=\"wp-image-10135\" srcset=\"https:\/\/ivan-macias.com\/wp-content\/uploads\/2026\/03\/Foto-2-_DSC2350-Paisaje-pelicanos-rocas-farallon-costa-mar-sol-amanecer-naranja-larga-exposicion-Playa-Boca-Vieja-Oaxaca-scaled.jpg 2560w, https:\/\/ivan-macias.com\/wp-content\/uploads\/2026\/03\/Foto-2-_DSC2350-Paisaje-pelicanos-rocas-farallon-costa-mar-sol-amanecer-naranja-larga-exposicion-Playa-Boca-Vieja-Oaxaca-768x512.jpg 768w, https:\/\/ivan-macias.com\/wp-content\/uploads\/2026\/03\/Foto-2-_DSC2350-Paisaje-pelicanos-rocas-farallon-costa-mar-sol-amanecer-naranja-larga-exposicion-Playa-Boca-Vieja-Oaxaca-1536x1024.jpg 1536w, https:\/\/ivan-macias.com\/wp-content\/uploads\/2026\/03\/Foto-2-_DSC2350-Paisaje-pelicanos-rocas-farallon-costa-mar-sol-amanecer-naranja-larga-exposicion-Playa-Boca-Vieja-Oaxaca-2048x1366.jpg 2048w, https:\/\/ivan-macias.com\/wp-content\/uploads\/2026\/03\/Foto-2-_DSC2350-Paisaje-pelicanos-rocas-farallon-costa-mar-sol-amanecer-naranja-larga-exposicion-Playa-Boca-Vieja-Oaxaca-18x12.jpg 18w, https:\/\/ivan-macias.com\/wp-content\/uploads\/2026\/03\/Foto-2-_DSC2350-Paisaje-pelicanos-rocas-farallon-costa-mar-sol-amanecer-naranja-larga-exposicion-Playa-Boca-Vieja-Oaxaca-430x287.jpg 430w, https:\/\/ivan-macias.com\/wp-content\/uploads\/2026\/03\/Foto-2-_DSC2350-Paisaje-pelicanos-rocas-farallon-costa-mar-sol-amanecer-naranja-larga-exposicion-Playa-Boca-Vieja-Oaxaca-700x467.jpg 700w\" sizes=\"auto, (max-width: 2560px) 100vw, 2560px\" \/><\/a><figcaption class=\"wp-element-caption\">Celeste Espejo<\/figcaption><\/figure>\n<\/div>\n\n\n\n<div class=\"wp-block-column is-layout-flow wp-block-column-is-layout-flow\">\n<figure class=\"wp-block-image size-full has-lightbox\"><a href=\"https:\/\/ivan-macias.com\/en\/product\/habitat-de-silencio\/\"><img loading=\"lazy\" decoding=\"async\" width=\"2560\" height=\"1706\" src=\"https:\/\/ivan-macias.com\/wp-content\/uploads\/2026\/03\/Foto-9-_DSC4262-Paisaje-canales-reflejo-pelicanos-chinampa-cerros-amanecer-naranja-Xochimilco-CDMX-scaled.jpg\" alt=\"\" class=\"wp-image-10140\" srcset=\"https:\/\/ivan-macias.com\/wp-content\/uploads\/2026\/03\/Foto-9-_DSC4262-Paisaje-canales-reflejo-pelicanos-chinampa-cerros-amanecer-naranja-Xochimilco-CDMX-scaled.jpg 2560w, https:\/\/ivan-macias.com\/wp-content\/uploads\/2026\/03\/Foto-9-_DSC4262-Paisaje-canales-reflejo-pelicanos-chinampa-cerros-amanecer-naranja-Xochimilco-CDMX-768x512.jpg 768w, https:\/\/ivan-macias.com\/wp-content\/uploads\/2026\/03\/Foto-9-_DSC4262-Paisaje-canales-reflejo-pelicanos-chinampa-cerros-amanecer-naranja-Xochimilco-CDMX-1536x1024.jpg 1536w, https:\/\/ivan-macias.com\/wp-content\/uploads\/2026\/03\/Foto-9-_DSC4262-Paisaje-canales-reflejo-pelicanos-chinampa-cerros-amanecer-naranja-Xochimilco-CDMX-2048x1365.jpg 2048w, https:\/\/ivan-macias.com\/wp-content\/uploads\/2026\/03\/Foto-9-_DSC4262-Paisaje-canales-reflejo-pelicanos-chinampa-cerros-amanecer-naranja-Xochimilco-CDMX-18x12.jpg 18w, https:\/\/ivan-macias.com\/wp-content\/uploads\/2026\/03\/Foto-9-_DSC4262-Paisaje-canales-reflejo-pelicanos-chinampa-cerros-amanecer-naranja-Xochimilco-CDMX-430x287.jpg 430w, https:\/\/ivan-macias.com\/wp-content\/uploads\/2026\/03\/Foto-9-_DSC4262-Paisaje-canales-reflejo-pelicanos-chinampa-cerros-amanecer-naranja-Xochimilco-CDMX-700x467.jpg 700w\" sizes=\"auto, (max-width: 2560px) 100vw, 2560px\" \/><\/a><figcaption class=\"wp-element-caption\">H\u00e1bitat de Silencio<\/figcaption><\/figure>\n<\/div>\n<\/div>\n\n\n\n<div class=\"wp-block-columns alignwide coblocks-animate is-layout-flex wp-container-core-columns-is-layout-28f84493 wp-block-columns-is-layout-flex\" data-coblocks-animation=\"fadeIn\">\n<div class=\"wp-block-column is-layout-flow wp-block-column-is-layout-flow\">\n<figure class=\"wp-block-image size-full has-lightbox\"><a href=\"https:\/\/ivan-macias.com\/en\/product\/calma\/\"><img decoding=\"async\" src=\"https:\/\/ivan-macias.com\/wp-content\/uploads\/2026\/03\/Foto-1-_DSC1153-Paisaje-Mil-Islas-presa-lago-islotes-sierra-Oaxaca-manana.jpg\" alt=\"\" class=\"wp-image-10134\"\/><\/a><figcaption class=\"wp-element-caption\">Calma<\/figcaption><\/figure>\n<\/div>\n\n\n\n<div class=\"wp-block-column is-layout-flow wp-block-column-is-layout-flow\">\n<figure class=\"wp-block-image size-full has-lightbox\"><a href=\"https:\/\/ivan-macias.com\/en\/product\/193628\/\"><img loading=\"lazy\" decoding=\"async\" width=\"1688\" height=\"2560\" src=\"https:\/\/ivan-macias.com\/wp-content\/uploads\/2026\/03\/Foto-7-Paisaje-nocturno-luna-naranja-edificio-Torre-Latino-Centro-CDMX-Final-scaled.jpg\" alt=\"\" class=\"wp-image-10138\" srcset=\"https:\/\/ivan-macias.com\/wp-content\/uploads\/2026\/03\/Foto-7-Paisaje-nocturno-luna-naranja-edificio-Torre-Latino-Centro-CDMX-Final-scaled.jpg 1688w, https:\/\/ivan-macias.com\/wp-content\/uploads\/2026\/03\/Foto-7-Paisaje-nocturno-luna-naranja-edificio-Torre-Latino-Centro-CDMX-Final-768x1165.jpg 768w, https:\/\/ivan-macias.com\/wp-content\/uploads\/2026\/03\/Foto-7-Paisaje-nocturno-luna-naranja-edificio-Torre-Latino-Centro-CDMX-Final-1013x1536.jpg 1013w, https:\/\/ivan-macias.com\/wp-content\/uploads\/2026\/03\/Foto-7-Paisaje-nocturno-luna-naranja-edificio-Torre-Latino-Centro-CDMX-Final-1350x2048.jpg 1350w, https:\/\/ivan-macias.com\/wp-content\/uploads\/2026\/03\/Foto-7-Paisaje-nocturno-luna-naranja-edificio-Torre-Latino-Centro-CDMX-Final-8x12.jpg 8w, https:\/\/ivan-macias.com\/wp-content\/uploads\/2026\/03\/Foto-7-Paisaje-nocturno-luna-naranja-edificio-Torre-Latino-Centro-CDMX-Final-430x652.jpg 430w, https:\/\/ivan-macias.com\/wp-content\/uploads\/2026\/03\/Foto-7-Paisaje-nocturno-luna-naranja-edificio-Torre-Latino-Centro-CDMX-Final-700x1062.jpg 700w\" sizes=\"auto, (max-width: 1688px) 100vw, 1688px\" \/><\/a><figcaption class=\"wp-element-caption\">19:36:28<\/figcaption><\/figure>\n<\/div>\n<\/div>\n\n\n\n<div class=\"wp-block-columns alignwide coblocks-animate is-layout-flex wp-container-core-columns-is-layout-28f84493 wp-block-columns-is-layout-flex\" data-coblocks-animation=\"fadeIn\">\n<div class=\"wp-block-column is-layout-flow wp-block-column-is-layout-flow\">\n<figure class=\"wp-block-image size-full has-lightbox\"><a href=\"https:\/\/ivan-macias.com\/en\/product\/tula-luz-dorada\/\"><img loading=\"lazy\" decoding=\"async\" width=\"2560\" height=\"1917\" src=\"https:\/\/ivan-macias.com\/wp-content\/uploads\/2026\/03\/Foto-6-Vista-aerea-paisaje-sitio-arqueologico-puente-tren-arboles-valle-montanas-Amanecer-Tula-Hidalgo-drone-scaled.jpg\" alt=\"\" class=\"wp-image-10137\" srcset=\"https:\/\/ivan-macias.com\/wp-content\/uploads\/2026\/03\/Foto-6-Vista-aerea-paisaje-sitio-arqueologico-puente-tren-arboles-valle-montanas-Amanecer-Tula-Hidalgo-drone-scaled.jpg 2560w, https:\/\/ivan-macias.com\/wp-content\/uploads\/2026\/03\/Foto-6-Vista-aerea-paisaje-sitio-arqueologico-puente-tren-arboles-valle-montanas-Amanecer-Tula-Hidalgo-drone-768x575.jpg 768w, https:\/\/ivan-macias.com\/wp-content\/uploads\/2026\/03\/Foto-6-Vista-aerea-paisaje-sitio-arqueologico-puente-tren-arboles-valle-montanas-Amanecer-Tula-Hidalgo-drone-1536x1150.jpg 1536w, https:\/\/ivan-macias.com\/wp-content\/uploads\/2026\/03\/Foto-6-Vista-aerea-paisaje-sitio-arqueologico-puente-tren-arboles-valle-montanas-Amanecer-Tula-Hidalgo-drone-2048x1534.jpg 2048w, https:\/\/ivan-macias.com\/wp-content\/uploads\/2026\/03\/Foto-6-Vista-aerea-paisaje-sitio-arqueologico-puente-tren-arboles-valle-montanas-Amanecer-Tula-Hidalgo-drone-16x12.jpg 16w, https:\/\/ivan-macias.com\/wp-content\/uploads\/2026\/03\/Foto-6-Vista-aerea-paisaje-sitio-arqueologico-puente-tren-arboles-valle-montanas-Amanecer-Tula-Hidalgo-drone-430x322.jpg 430w, https:\/\/ivan-macias.com\/wp-content\/uploads\/2026\/03\/Foto-6-Vista-aerea-paisaje-sitio-arqueologico-puente-tren-arboles-valle-montanas-Amanecer-Tula-Hidalgo-drone-700x524.jpg 700w\" sizes=\"auto, (max-width: 2560px) 100vw, 2560px\" \/><\/a><figcaption class=\"wp-element-caption\">T\u00fa(la) Luz Doarada<\/figcaption><\/figure>\n<\/div>\n\n\n\n<div class=\"wp-block-column is-layout-flow wp-block-column-is-layout-flow\">\n<figure class=\"wp-block-image size-full has-lightbox\"><a href=\"https:\/\/ivan-macias.com\/en\/product\/acuarelas-sobre-xochimilco\/\"><img loading=\"lazy\" decoding=\"async\" width=\"2560\" height=\"1788\" src=\"https:\/\/ivan-macias.com\/wp-content\/uploads\/2026\/03\/Foto-8-DJI_0088-Vista-aerea-paisaje-canales-volcanes-Xochimilco-chinampas-arboles-ahuejotes-amanecer-CDMX-drone-scaled.jpg\" alt=\"\" class=\"wp-image-10139\" srcset=\"https:\/\/ivan-macias.com\/wp-content\/uploads\/2026\/03\/Foto-8-DJI_0088-Vista-aerea-paisaje-canales-volcanes-Xochimilco-chinampas-arboles-ahuejotes-amanecer-CDMX-drone-scaled.jpg 2560w, https:\/\/ivan-macias.com\/wp-content\/uploads\/2026\/03\/Foto-8-DJI_0088-Vista-aerea-paisaje-canales-volcanes-Xochimilco-chinampas-arboles-ahuejotes-amanecer-CDMX-drone-768x537.jpg 768w, https:\/\/ivan-macias.com\/wp-content\/uploads\/2026\/03\/Foto-8-DJI_0088-Vista-aerea-paisaje-canales-volcanes-Xochimilco-chinampas-arboles-ahuejotes-amanecer-CDMX-drone-1536x1073.jpg 1536w, https:\/\/ivan-macias.com\/wp-content\/uploads\/2026\/03\/Foto-8-DJI_0088-Vista-aerea-paisaje-canales-volcanes-Xochimilco-chinampas-arboles-ahuejotes-amanecer-CDMX-drone-2048x1431.jpg 2048w, https:\/\/ivan-macias.com\/wp-content\/uploads\/2026\/03\/Foto-8-DJI_0088-Vista-aerea-paisaje-canales-volcanes-Xochimilco-chinampas-arboles-ahuejotes-amanecer-CDMX-drone-18x12.jpg 18w, https:\/\/ivan-macias.com\/wp-content\/uploads\/2026\/03\/Foto-8-DJI_0088-Vista-aerea-paisaje-canales-volcanes-Xochimilco-chinampas-arboles-ahuejotes-amanecer-CDMX-drone-430x300.jpg 430w, https:\/\/ivan-macias.com\/wp-content\/uploads\/2026\/03\/Foto-8-DJI_0088-Vista-aerea-paisaje-canales-volcanes-Xochimilco-chinampas-arboles-ahuejotes-amanecer-CDMX-drone-700x489.jpg 700w\" sizes=\"auto, (max-width: 2560px) 100vw, 2560px\" \/><\/a><figcaption class=\"wp-element-caption\">Acuarelas Sobre Xochimilco<\/figcaption><\/figure>\n<\/div>\n<\/div>\n\n\n\n<div class=\"wp-block-columns alignwide coblocks-animate is-layout-flex wp-container-core-columns-is-layout-28f84493 wp-block-columns-is-layout-flex\" data-coblocks-animation=\"fadeIn\">\n<div class=\"wp-block-column is-layout-flow wp-block-column-is-layout-flow\">\n<figure class=\"wp-block-image size-full has-lightbox\"><a href=\"https:\/\/ivan-macias.com\/en\/product\/calma-en-la-urbe\/\"><img loading=\"lazy\" decoding=\"async\" width=\"1744\" height=\"2560\" src=\"https:\/\/ivan-macias.com\/wp-content\/uploads\/2026\/03\/Foto-10-_DSC9762-Paisaje-nocturno-urbano-avenida-edificios-ciudad-vista-azotea-edificio-Canon-CDMX-scaled.jpg\" alt=\"\" class=\"wp-image-10141\" srcset=\"https:\/\/ivan-macias.com\/wp-content\/uploads\/2026\/03\/Foto-10-_DSC9762-Paisaje-nocturno-urbano-avenida-edificios-ciudad-vista-azotea-edificio-Canon-CDMX-scaled.jpg 1744w, https:\/\/ivan-macias.com\/wp-content\/uploads\/2026\/03\/Foto-10-_DSC9762-Paisaje-nocturno-urbano-avenida-edificios-ciudad-vista-azotea-edificio-Canon-CDMX-768x1127.jpg 768w, https:\/\/ivan-macias.com\/wp-content\/uploads\/2026\/03\/Foto-10-_DSC9762-Paisaje-nocturno-urbano-avenida-edificios-ciudad-vista-azotea-edificio-Canon-CDMX-1046x1536.jpg 1046w, https:\/\/ivan-macias.com\/wp-content\/uploads\/2026\/03\/Foto-10-_DSC9762-Paisaje-nocturno-urbano-avenida-edificios-ciudad-vista-azotea-edificio-Canon-CDMX-1395x2048.jpg 1395w, https:\/\/ivan-macias.com\/wp-content\/uploads\/2026\/03\/Foto-10-_DSC9762-Paisaje-nocturno-urbano-avenida-edificios-ciudad-vista-azotea-edificio-Canon-CDMX-8x12.jpg 8w, https:\/\/ivan-macias.com\/wp-content\/uploads\/2026\/03\/Foto-10-_DSC9762-Paisaje-nocturno-urbano-avenida-edificios-ciudad-vista-azotea-edificio-Canon-CDMX-430x631.jpg 430w, https:\/\/ivan-macias.com\/wp-content\/uploads\/2026\/03\/Foto-10-_DSC9762-Paisaje-nocturno-urbano-avenida-edificios-ciudad-vista-azotea-edificio-Canon-CDMX-700x1028.jpg 700w\" sizes=\"auto, (max-width: 1744px) 100vw, 1744px\" \/><\/a><figcaption class=\"wp-element-caption\">Calma en la Urbe<\/figcaption><\/figure>\n<\/div>\n\n\n\n<div class=\"wp-block-column is-layout-flow wp-block-column-is-layout-flow\">\n<figure class=\"wp-block-image size-full has-lightbox\"><a href=\"https:\/\/ivan-macias.com\/en\/product\/guardian-de-nubes\/\"><img loading=\"lazy\" decoding=\"async\" width=\"2560\" height=\"1279\" src=\"https:\/\/ivan-macias.com\/wp-content\/uploads\/2026\/03\/Foto-5-Ivan-Macias-Facing-a-Giant-scaled.jpg\" alt=\"\" class=\"wp-image-10136\" srcset=\"https:\/\/ivan-macias.com\/wp-content\/uploads\/2026\/03\/Foto-5-Ivan-Macias-Facing-a-Giant-scaled.jpg 2560w, https:\/\/ivan-macias.com\/wp-content\/uploads\/2026\/03\/Foto-5-Ivan-Macias-Facing-a-Giant-768x384.jpg 768w, https:\/\/ivan-macias.com\/wp-content\/uploads\/2026\/03\/Foto-5-Ivan-Macias-Facing-a-Giant-1536x767.jpg 1536w, https:\/\/ivan-macias.com\/wp-content\/uploads\/2026\/03\/Foto-5-Ivan-Macias-Facing-a-Giant-2048x1023.jpg 2048w, https:\/\/ivan-macias.com\/wp-content\/uploads\/2026\/03\/Foto-5-Ivan-Macias-Facing-a-Giant-18x9.jpg 18w, https:\/\/ivan-macias.com\/wp-content\/uploads\/2026\/03\/Foto-5-Ivan-Macias-Facing-a-Giant-430x215.jpg 430w, https:\/\/ivan-macias.com\/wp-content\/uploads\/2026\/03\/Foto-5-Ivan-Macias-Facing-a-Giant-700x350.jpg 700w\" sizes=\"auto, (max-width: 2560px) 100vw, 2560px\" \/><\/a><figcaption class=\"wp-element-caption\">Guardi\u00e1n de Nubes<\/figcaption><\/figure>\n<\/div>\n<\/div>","protected":false},"excerpt":{"rendered":"<p>\u201cCuando descubr\u00ed la fotograf\u00eda, los paisajes se convirtieron en mi refugio seguro. La c\u00e1mara me permiti\u00f3 establecer una distancia c\u00f3moda, necesaria para protegerme del contacto social que me resultaba tan dif\u00edcil. Me refugi\u00e9 en la soledad, capturando escenas urbanas y naturales que revelaban su belleza precisamente desde esa distancia segura. Fue mi forma silenciosa de [&hellip;]<\/p>\n","protected":false},"author":1,"featured_media":0,"parent":0,"menu_order":0,"comment_status":"closed","ping_status":"closed","template":"pagina-con-t-tulo","meta":{"_coblocks_attr":"","_coblocks_dimensions":"","_coblocks_responsive_height":"","_coblocks_accordion_ie_support":"","footnotes":""},"class_list":["post-10100","page","type-page","status-publish","hentry"],"_links":{"self":[{"href":"https:\/\/ivan-macias.com\/en\/wp-json\/wp\/v2\/pages\/10100","targetHints":{"allow":["GET"]}}],"collection":[{"href":"https:\/\/ivan-macias.com\/en\/wp-json\/wp\/v2\/pages"}],"about":[{"href":"https:\/\/ivan-macias.com\/en\/wp-json\/wp\/v2\/types\/page"}],"author":[{"embeddable":true,"href":"https:\/\/ivan-macias.com\/en\/wp-json\/wp\/v2\/users\/1"}],"replies":[{"embeddable":true,"href":"https:\/\/ivan-macias.com\/en\/wp-json\/wp\/v2\/comments?post=10100"}],"version-history":[{"count":15,"href":"https:\/\/ivan-macias.com\/en\/wp-json\/wp\/v2\/pages\/10100\/revisions"}],"predecessor-version":[{"id":10224,"href":"https:\/\/ivan-macias.com\/en\/wp-json\/wp\/v2\/pages\/10100\/revisions\/10224"}],"wp:attachment":[{"href":"https:\/\/ivan-macias.com\/en\/wp-json\/wp\/v2\/media?parent=10100"}],"curies":[{"name":"wp","href":"https:\/\/api.w.org\/{rel}","templated":true}]}}