{"id":9539,"date":"2026-03-10T01:50:34","date_gmt":"2026-03-10T01:50:34","guid":{"rendered":"https:\/\/ivan-macias.com\/?page_id=9539"},"modified":"2026-03-28T16:06:32","modified_gmt":"2026-03-28T16:06:32","slug":"inicio","status":"publish","type":"page","link":"https:\/\/ivan-macias.com\/en\/","title":{"rendered":"Home"},"content":{"rendered":"\n<div class=\"wp-block-cover alignfull\" style=\"min-height:100vh;aspect-ratio:unset;\"><img loading=\"lazy\" decoding=\"async\" width=\"1300\" height=\"749\" class=\"wp-block-cover__image-background wp-image-9687 size-large\" alt=\"\" src=\"https:\/\/ivan-macias.com\/wp-content\/uploads\/2026\/03\/Desfile3-1300x749.jpg\" data-object-fit=\"cover\" srcset=\"https:\/\/ivan-macias.com\/wp-content\/uploads\/2026\/03\/Desfile3-1300x749.jpg 1300w, https:\/\/ivan-macias.com\/wp-content\/uploads\/2026\/03\/Desfile3-400x230.jpg 400w, https:\/\/ivan-macias.com\/wp-content\/uploads\/2026\/03\/Desfile3-768x442.jpg 768w, https:\/\/ivan-macias.com\/wp-content\/uploads\/2026\/03\/Desfile3-1536x885.jpg 1536w, https:\/\/ivan-macias.com\/wp-content\/uploads\/2026\/03\/Desfile3-2048x1180.jpg 2048w, https:\/\/ivan-macias.com\/wp-content\/uploads\/2026\/03\/Desfile3-430x248.jpg 430w, https:\/\/ivan-macias.com\/wp-content\/uploads\/2026\/03\/Desfile3-700x403.jpg 700w\" sizes=\"auto, (max-width: 1300px) 100vw, 1300px\" \/><span aria-hidden=\"true\" class=\"wp-block-cover__background has-background-dim-0 has-background-dim\" style=\"background-color:#343328\"><\/span><div class=\"wp-block-cover__inner-container has-global-padding is-layout-constrained wp-block-cover-is-layout-constrained\">\n<div style=\"height:200px\" aria-hidden=\"true\" class=\"wp-block-spacer\"><\/div>\n\n\n\n<p class=\"has-text-align-left has-playfair-display-font-family has-xx-large-font-size has-custom-font has-custom-lineheight has-custom-letterspacing\" style=\"font-family:playfair-display;line-height:1;letter-spacing:0.3px;font-size:74px\">Iv\u00e1n Mac\u00edas<\/p>\n\n\n\n<p class=\"has-text-align-left is-style-default has-playfair-display-font-family has-medium-font-size has-custom-font has-custom-lineheight has-custom-letterspacing\" style=\"font-family:playfair-display;line-height:1;letter-spacing:1.7px;font-size:52px\">Fot\u00f3grafo Documental | Fine Art<\/p>\n\n\n\n<div style=\"height:232px\" aria-hidden=\"true\" class=\"wp-block-spacer\"><\/div>\n\n\n\n<div class=\"wp-block-buttons is-layout-flex wp-block-buttons-is-layout-flex\">\n<div class=\"wp-block-button has-custom-font\" style=\"font-family:Montserrat\"><a class=\"wp-block-button__link has-montserrat-font-family wp-element-button\" href=\"https:\/\/ivan-macias.com\/shop\/\">Explorar Colecciones<\/a><\/div>\n<\/div>\n<\/div><\/div>\n\n\n\n<figure class=\"wp-block-pullquote alignfull has-montserrat-font-family has-custom-font\" style=\"padding-top:0;padding-bottom:0;font-size:clamp(0.875rem, 0.875rem + ((1vw - 0.2rem) * 0.208), 1rem);font-family:montserrat\"><blockquote><p>\u00abMe gusta la fotograf\u00eda porque puedo explicar con im\u00e1genes lo que no puedo con palabras. Cuando fotograf\u00edo un rostro, fotograf\u00edo una parte de su alma y de la m\u00eda. A trav\u00e9s de mis cr\u00f3nicas visuales, busco dar voz a los protagonistas y transmitir la belleza que emerge incluso en el caos.\u00bb<\/p><\/blockquote><\/figure>\n\n\n\n<div style=\"height:70px\" aria-hidden=\"true\" class=\"wp-block-spacer\"><\/div>\n\n\n\n<p class=\"has-text-align-center has-playfair-display-font-family has-large-font-size has-custom-font\" style=\"margin-top:var(--wp--preset--spacing--30);margin-right:0;margin-bottom:var(--wp--preset--spacing--30);margin-left:0;font-family:playfair-display\">Trayectoria y Reconocimiento Internacional<\/p>\n\n\n\n<div class=\"wp-block-columns alignfull is-layout-flex wp-container-core-columns-is-layout-28f84493 wp-block-columns-is-layout-flex\">\n<div class=\"wp-block-column is-layout-flow wp-block-column-is-layout-flow\" style=\"flex-basis:33.33%\">\n<figure class=\"wp-block-image size-large\" style=\"margin-left:var(--wp--preset--spacing--20)\"><img loading=\"lazy\" decoding=\"async\" width=\"640\" height=\"800\" src=\"https:\/\/ivan-macias.com\/wp-content\/uploads\/2026\/03\/L1042218-1-640x800.jpg\" alt=\"\" class=\"wp-image-9587\" srcset=\"https:\/\/ivan-macias.com\/wp-content\/uploads\/2026\/03\/L1042218-1-640x800.jpg 640w, https:\/\/ivan-macias.com\/wp-content\/uploads\/2026\/03\/L1042218-1-240x300.jpg 240w, https:\/\/ivan-macias.com\/wp-content\/uploads\/2026\/03\/L1042218-1-768x960.jpg 768w, https:\/\/ivan-macias.com\/wp-content\/uploads\/2026\/03\/L1042218-1-1229x1536.jpg 1229w, https:\/\/ivan-macias.com\/wp-content\/uploads\/2026\/03\/L1042218-1-1639x2048.jpg 1639w, https:\/\/ivan-macias.com\/wp-content\/uploads\/2026\/03\/L1042218-1-430x537.jpg 430w, https:\/\/ivan-macias.com\/wp-content\/uploads\/2026\/03\/L1042218-1-700x875.jpg 700w, https:\/\/ivan-macias.com\/wp-content\/uploads\/2026\/03\/L1042218-1-scaled.jpg 2048w\" sizes=\"auto, (max-width: 640px) 100vw, 640px\" \/><\/figure>\n<\/div>\n\n\n\n<div class=\"wp-block-column is-layout-flow wp-block-column-is-layout-flow\" style=\"flex-basis:66.67%\">\n<div class=\"wp-block-group has-global-padding is-layout-constrained wp-container-core-group-is-layout-bdbfdc43 wp-block-group-is-layout-constrained\">\n<p class=\"has-montserrat-font-family has-custom-font\" style=\"margin-top:0;margin-right:4px;margin-bottom:0;margin-left:4px;font-family:montserrat\"><strong>Galardonado por el World Press Photo<\/strong>, el certamen de fotoperiodismo y narrativa visual m\u00e1s prestigioso a nivel global.<br><br><strong>Legado Documental:<\/strong> Autor del aclamado fotolibro <em>Huellas de la Pandemia<\/em>, una obra fundamental que rinde tributo visual a los trabajadores de la salud.<br><br><strong>Distinci\u00f3n Forbes:<\/strong> Nombrado oficialmente como uno de los \u00ab100 mexicanos m\u00e1s creativos\u00bb por la revista Forbes.<br><br><strong>Doctorado Honoris Causa<\/strong> otorgado por el Claustro Doctoral Honoris Causa A.C. en reconocimiento a su trayectoria, visi\u00f3n art\u00edstica e impacto social.<br><br><strong>Respaldo de la Industria:<\/strong> Embajador oficial de marcas l\u00edderes en tecnolog\u00eda de imagen como Sony y Honor. <br><br><strong>Excelencia Global:<\/strong> Mas de 30 reconococimiento en los cert\u00e1menes m\u00e1s exigentes del mundo, incluyendo los Tokyo International Foto Awards (TIFA), International Photography Awards (IPA) y el NTD International Photography Competition.<br><br><strong>Exposiciones Individuales Destacadas<\/strong>:<br><strong>2025<\/strong> | <em>Mirar desde Dentro: Autismo y Fotograf\u00eda<\/em> \u2013 Museo Archivo de la Fotograf\u00eda.<br><strong>2025<\/strong> | <em>Fuego y Fe en Tultepec<\/em> \u2013 Metro de la Ciudad de M\u00e9xico.<br><strong>2024 &#8211; 2025<\/strong> | <em>Autismo<\/em> \u2013 Muestra itinerante presentada en el Foro Valpariso , el Instituto Nacional de Medicina Gen\u00f3mica y el Museo Archivo de la Fotograf\u00eda.<br><strong>2023<\/strong> | <em>Evoluciones<\/em> \u2013 Casa Refugio Citalt\u00e9petl<br><\/p>\n<\/div>\n\n\n\n<p class=\"has-montserrat-font-family has-custom-font\" style=\"margin-top:0;margin-right:4px;margin-bottom:0;margin-left:4px;font-family:montserrat\"><\/p>\n\n\n\n<p><\/p>\n\n\n\n<p><\/p>\n\n\n\n<p><\/p>\n<\/div>\n<\/div>\n\n\n\n<script type=\"application\/ld+json\">\n{\n  \"@context\": \"https:\/\/schema.org\",\n  \"@type\": \"Person\",\n  \"name\": \"Iv\u00e1n Mac\u00edas\",\n  \"url\": \"https:\/\/ivan-macias.com\",\n  \"image\": \"https:\/\/ivan-macias.com\/wp-content\/uploads\/2026\/03\/20210812171515_IMG_3164-1199x800.jpg\",\n  \"jobTitle\": [\"Fot\u00f3grafo Documental\", \"Ingeniero Mecatr\u00f3nico\"],\n  \"description\": \"Iv\u00e1n Mac\u00edas es un destacado fot\u00f3grafo documental mexicano y ganador del World Press Photo 2021. Su obra fusiona la precisi\u00f3n t\u00e9cnica de la ingenier\u00eda con una narrativa visual humanista y un firme compromiso con la concienciaci\u00f3n sobre el autismo.\",\n  \"knowsAbout\": [\"Fotograf\u00eda Documental\", \"Autismo\", \"Ingenier\u00eda Mecatr\u00f3nica\", \"Derechos de las personas con discapacidad\", \"Fotograf\u00eda Fine Art\"],\n  \"memberOf\": [\n    {\n      \"@type\": \"Organization\",\n      \"name\": \"Embajadores de Sony Photography\"\n    },\n    {\n      \"@type\": \"Organization\",\n      \"name\": \"Embajadores de Honor M\u00e9xico\"\n    }\n  ],\n  \"award\": [\n    \"Segundo Lugar en World Press Photo 2021 (Categor\u00eda Retratos)\",\n    \"Nombrado uno de los 100 mexicanos m\u00e1s creativos por Forbes en 2021\",\n    \"M\u00faltiples medallas de Oro y Plata en Tokyo International Foto Awards\",\n    \"Doctorado Honoris Causa 2022 por el Claustro Doctoral Honoris Causa A.C.\"\n  ],\n  \"alumniOf\": {\n    \"@type\": \"EducationalOrganization\",\n    \"name\": \"Ingenier\u00eda Mecatr\u00f3nica\"\n  },\n  \"workFeatured\": [\n    {\n      \"@type\": \"Book\",\n      \"name\": \"Huellas de la Pandemia\",\n      \"datePublished\": \"2021\",\n      \"publisher\": \"Iv\u00e1n Mac\u00edas\",\n      \"description\": \"Un homenaje visual al personal de salud durante la crisis sanitaria.\"\n    }\n  ],\n  \"sameAs\": [\n    \"https:\/\/www.wikidata.org\/wiki\/Q138775094\",\n    \"https:\/\/www.instagram.com\/ivan_macias\",\n    \"https:\/\/x.com\/elivanmacias\",\n    \"https:\/\/www.facebook.com\/elivanmacias\",\n    \"https:\/\/www.youtube.com\/ivan_macias\",\n    \"https:\/\/www.worldpressphoto.org\/collection\/photo\/2021\/31421\/1\/Ivan-Macias\",\n    \"https:\/\/www.forbes.com.mx\/los-100-mexicanos-mas-creativos-en-el-mundo-2021-un-homenaje-a-la-resiliencia\/\"\n  ]\n}\n<\/script>\n","protected":false},"excerpt":{"rendered":"<p>\u00abMe gusta la fotograf\u00eda porque puedo explicar con im\u00e1genes lo que no puedo con palabras. Cuando fotograf\u00edo un rostro, fotograf\u00edo una parte de su alma y de la m\u00eda. A trav\u00e9s de mis cr\u00f3nicas visuales, busco dar voz a los protagonistas y transmitir la belleza que emerge incluso en el caos.\u00bb Trayectoria y Reconocimiento Internacional [&hellip;]<\/p>\n","protected":false},"author":1,"featured_media":0,"parent":0,"menu_order":0,"comment_status":"closed","ping_status":"closed","template":"page-no-title","meta":{"_coblocks_attr":"Montserrat","_coblocks_dimensions":"","_coblocks_responsive_height":"","_coblocks_accordion_ie_support":"","footnotes":""},"class_list":["post-9539","page","type-page","status-publish","hentry"],"_links":{"self":[{"href":"https:\/\/ivan-macias.com\/en\/wp-json\/wp\/v2\/pages\/9539","targetHints":{"allow":["GET"]}}],"collection":[{"href":"https:\/\/ivan-macias.com\/en\/wp-json\/wp\/v2\/pages"}],"about":[{"href":"https:\/\/ivan-macias.com\/en\/wp-json\/wp\/v2\/types\/page"}],"author":[{"embeddable":true,"href":"https:\/\/ivan-macias.com\/en\/wp-json\/wp\/v2\/users\/1"}],"replies":[{"embeddable":true,"href":"https:\/\/ivan-macias.com\/en\/wp-json\/wp\/v2\/comments?post=9539"}],"version-history":[{"count":55,"href":"https:\/\/ivan-macias.com\/en\/wp-json\/wp\/v2\/pages\/9539\/revisions"}],"predecessor-version":[{"id":10036,"href":"https:\/\/ivan-macias.com\/en\/wp-json\/wp\/v2\/pages\/9539\/revisions\/10036"}],"wp:attachment":[{"href":"https:\/\/ivan-macias.com\/en\/wp-json\/wp\/v2\/media?parent=9539"}],"curies":[{"name":"wp","href":"https:\/\/api.w.org\/{rel}","templated":true}]}}