{"id":9564,"date":"2026-03-10T03:17:24","date_gmt":"2026-03-10T03:17:24","guid":{"rendered":"https:\/\/ivan-macias.com\/?page_id=9564"},"modified":"2026-03-23T00:12:20","modified_gmt":"2026-03-23T00:12:20","slug":"contacto","status":"publish","type":"page","link":"https:\/\/ivan-macias.com\/en\/contacto\/","title":{"rendered":"Contact"},"content":{"rendered":"\n<div class=\"wp-block-columns alignfull is-layout-flex wp-container-core-columns-is-layout-1a2ddb66 wp-block-columns-is-layout-flex\" style=\"padding-right:var(--wp--preset--spacing--30);padding-left:var(--wp--preset--spacing--30)\">\n<div class=\"wp-block-column is-layout-flow wp-block-column-is-layout-flow\">\n<figure class=\"wp-block-image size-large\"><img loading=\"lazy\" decoding=\"async\" width=\"563\" height=\"800\" src=\"https:\/\/ivan-macias.com\/wp-content\/uploads\/2026\/03\/foto1-1-563x800.jpg\" alt=\"\" class=\"wp-image-9711\" srcset=\"https:\/\/ivan-macias.com\/wp-content\/uploads\/2026\/03\/foto1-1-563x800.jpg 563w, https:\/\/ivan-macias.com\/wp-content\/uploads\/2026\/03\/foto1-1-211x300.jpg 211w, https:\/\/ivan-macias.com\/wp-content\/uploads\/2026\/03\/foto1-1-768x1092.jpg 768w, https:\/\/ivan-macias.com\/wp-content\/uploads\/2026\/03\/foto1-1-1080x1536.jpg 1080w, https:\/\/ivan-macias.com\/wp-content\/uploads\/2026\/03\/foto1-1-430x611.jpg 430w, https:\/\/ivan-macias.com\/wp-content\/uploads\/2026\/03\/foto1-1-700x995.jpg 700w, https:\/\/ivan-macias.com\/wp-content\/uploads\/2026\/03\/foto1-1.jpg 1356w\" sizes=\"auto, (max-width: 563px) 100vw, 563px\" \/><\/figure>\n<\/div>\n\n\n\n<div class=\"wp-block-column is-layout-flow wp-block-column-is-layout-flow\">\n<p><strong>Contacto y Representaci\u00f3n<\/strong> <br><br>Para consultas sobre adquisici\u00f3n de obra original, representaci\u00f3n en galer\u00edas, comisiones privadas, prensa o licencias de uso, por favor env\u00eda un mensaje a trav\u00e9s del formulario.<br><br><strong>Estudio Iv\u00e1n Mac\u00edas<\/strong> <br><br>Email: <br>contacto@ivan-macias.com<br>Atenci\u00f3n a Coleccionistas: <br>+52 55 73 56 54 96<\/p>\n\n\n<style id=\"fluentform-block-custom-styles-3\">.fluentform.fluentform_wrapper_3.ff_guten_block.ff_guten_block-3 .ff-el-form-control, .fluentform.fluentform_wrapper_3.ff_guten_block.ff_guten_block-3 .ff-el-input--content input, .fluentform.fluentform_wrapper_3.ff_guten_block.ff_guten_block-3 .ff-el-input--content textarea, .fluentform.fluentform_wrapper_3.ff_guten_block.ff_guten_block-3 .ff-el-input--content select { font-weight: 300; text-transform: none; }\n.fluentform.fluentform_wrapper_3.ff_guten_block.ff_guten_block-3 .ff_submit_btn_wrapper .ff-btn-submit { width: 17%; color: #ffffff; background-color: #000000; font-weight: 300; }\n.fluentform.fluentform_wrapper_3.ff_guten_block.ff_guten_block-3 .ff_submit_btn_wrapper .ff-btn-submit { border-style: solid; border-color: #ffffff; }\n.fluentform.fluentform_wrapper_3.ff_guten_block.ff_guten_block-3 .ff_submit_btn_wrapper .ff-btn-submit:hover { color: #000000; background-color: #ffffff; }\n.fluentform.fluentform_wrapper_3.ff_guten_block.ff_guten_block-3 .ff-el-form-check label { font-size: 30px;; }\n<\/style><div class='fluentform ff-inherit-theme-style fluentform_wrapper_3  ff_guten_block ff_guten_block-3'><form data-form_id=\"3\" id=\"fluentform_3\" class=\"frm-fluent-form fluent_form_3 ff-el-form-top ff_form_instance_3_1 ff-form-loading ffs_inherit_theme\" data-form_instance=\"ff_form_instance_3_1\" method=\"POST\" ><fieldset  style=\"border: none!important;margin: 0!important;padding: 0!important;background-color: transparent!important;box-shadow: none!important;outline: none!important; min-inline-size: 100%;\">\n                    <legend class=\"ff_screen_reader_title\" style=\"display: block; margin: 0!important;padding: 0!important;height: 0!important;text-indent: -999999px;width: 0!important;overflow:hidden;\">Contact Form Espanol<\/legend>        <div\n                style=\"display: none!important; position: absolute!important; transform: translateX(1000%)!important;\"\n                class=\"ff-el-group ff-hpsf-container\"\n        >\n            <div class=\"ff-el-input--label asterisk-right\">\n                <label for=\"ff_3_item_sf\" aria-label=\"Updates\">\n                    Updates                <\/label>\n            <\/div>\n            <div class=\"ff-el-input--content\">\n                <input type=\"text\"\n                       name=\"item_3__fluent_sf\"\n                       class=\"ff-el-form-control\"\n                       id=\"ff_3_item_sf\"\n                \/>\n            <\/div>\n        <\/div>\n                <input type=\"hidden\" id=\"__fluent_protection_token_3\" class=\"fluent-form-token-field\" name=\"__fluent_protection_token_3\">\n        <input type='hidden' name='__fluent_form_embded_post_id' value='9564' \/><input type=\"hidden\" id=\"_fluentform_3_fluentformnonce\" name=\"_fluentform_3_fluentformnonce\" value=\"134dfb9661\" \/><input type=\"hidden\" name=\"_wp_http_referer\" value=\"\/en\/wp-json\/wp\/v2\/pages\/9564\" \/><div data-type=\"name-element\" data-name=\"names\" class=\" ff-field_container ff-name-field-wrapper\" ><div class='ff-t-container'><div class='ff-t-cell '><div class='ff-el-group'><div class=\"ff-el-input--label asterisk-right\"><label for='ff_3_names_first_name_' id='label_ff_3_names_first_name_' >Nombre<\/label><\/div><div class='ff-el-input--content'><input type=\"text\" name=\"names[first_name]\" id=\"ff_3_names_first_name_\" class=\"ff-el-form-control\" placeholder=\"Nombre\" aria-invalid=\"false\" aria-required=false><\/div><\/div><\/div><\/div><\/div><div class='ff-el-group'><div class=\"ff-el-input--label ff-el-is-required asterisk-right\"><label for='ff_3_email' id='label_ff_3_email' aria-label=\"Correo\">Correo<\/label><\/div><div class='ff-el-input--content'><input type=\"email\" name=\"email\" id=\"ff_3_email\" class=\"ff-el-form-control\" placeholder=\"Email\" data-name=\"email\"  aria-invalid=\"false\" aria-required=true><\/div><\/div><div class='ff-el-group'><div class=\"ff-el-input--label ff-el-is-required asterisk-right\"><label for='ff_3_message' id='label_ff_3_message' aria-label=\"Asunto\">Asunto<\/label><\/div><div class='ff-el-input--content'><textarea aria-required=\"true\" aria-labelledby=\"label_ff_3_message\" name=\"message\" id=\"ff_3_message\" class=\"ff-el-form-control\" placeholder=\"Tu mensaje\" rows=\"4\" cols=\"2\" data-name=\"message\" ><\/textarea><\/div><\/div><div class='ff-el-group ff-text-left ff_submit_btn_wrapper'><button type=\"submit\" class=\"ff-btn ff-btn-submit ff-btn-sm ff_btn_no_style\"  aria-label=\"Enviar\">Enviar<\/button><\/div><\/fieldset><\/form><div id='fluentform_3_errors' class='ff-errors-in-stack ff_form_instance_3_1 ff-form-loading_errors ff_form_instance_3_1_errors'><\/div><\/div>            <script type=\"text\/javascript\">\n                window.fluent_form_ff_form_instance_3_1 = {\"id\":\"3\",\"settings\":{\"layout\":{\"labelPlacement\":\"top\",\"asteriskPlacement\":\"asterisk-right\",\"helpMessagePlacement\":\"with_label\",\"errorMessagePlacement\":\"inline\",\"cssClassName\":\"\"},\"restrictions\":{\"denyEmptySubmission\":{\"enabled\":false}}},\"form_instance\":\"ff_form_instance_3_1\",\"form_id_selector\":\"fluentform_3\",\"rules\":{\"names[first_name]\":{\"required\":{\"value\":false,\"message\":\"Este campo es obligatorio\",\"global\":true,\"global_message\":\"Este campo es obligatorio\"}},\"names[middle_name]\":{\"required\":{\"value\":false,\"message\":\"Este campo es obligatorio\",\"global\":true,\"global_message\":\"Este campo es obligatorio\"}},\"names[last_name]\":{\"required\":{\"value\":false,\"message\":\"Este campo es obligatorio\",\"global\":true,\"global_message\":\"Este campo es obligatorio\"}},\"email\":{\"required\":{\"value\":true,\"message\":\"Este campo es obligatorio\",\"global\":true,\"global_message\":\"Este campo es obligatorio\"},\"email\":{\"value\":true,\"message\":\"Este campo debe contener un correo electr\\u00f3nico v\\u00e1lido\",\"global\":true,\"global_message\":\"Este campo debe contener un correo electr\\u00f3nico v\\u00e1lido\"}},\"message\":{\"required\":{\"value\":true,\"message\":\"Este campo es obligatorio\",\"global\":true,\"global_message\":\"Este campo es obligatorio\"}}},\"debounce_time\":300};\n                            <\/script>\n            <\/div>\n<\/div>\n\n\n\n<p><\/p>\n","protected":false},"excerpt":{"rendered":"<p>Contacto y Representaci\u00f3n Para consultas sobre adquisici\u00f3n de obra original, representaci\u00f3n en galer\u00edas, comisiones privadas, prensa o licencias de uso, por favor env\u00eda un mensaje a trav\u00e9s del formulario. Estudio Iv\u00e1n Mac\u00edas Email: contacto@ivan-macias.comAtenci\u00f3n a Coleccionistas: +52 55 73 56 54 96<\/p>","protected":false},"author":1,"featured_media":0,"parent":0,"menu_order":0,"comment_status":"closed","ping_status":"closed","template":"","meta":{"_coblocks_attr":"","_coblocks_dimensions":"","_coblocks_responsive_height":"","_coblocks_accordion_ie_support":"","footnotes":""},"class_list":["post-9564","page","type-page","status-publish","hentry"],"_links":{"self":[{"href":"https:\/\/ivan-macias.com\/en\/wp-json\/wp\/v2\/pages\/9564","targetHints":{"allow":["GET"]}}],"collection":[{"href":"https:\/\/ivan-macias.com\/en\/wp-json\/wp\/v2\/pages"}],"about":[{"href":"https:\/\/ivan-macias.com\/en\/wp-json\/wp\/v2\/types\/page"}],"author":[{"embeddable":true,"href":"https:\/\/ivan-macias.com\/en\/wp-json\/wp\/v2\/users\/1"}],"replies":[{"embeddable":true,"href":"https:\/\/ivan-macias.com\/en\/wp-json\/wp\/v2\/comments?post=9564"}],"version-history":[{"count":14,"href":"https:\/\/ivan-macias.com\/en\/wp-json\/wp\/v2\/pages\/9564\/revisions"}],"predecessor-version":[{"id":9917,"href":"https:\/\/ivan-macias.com\/en\/wp-json\/wp\/v2\/pages\/9564\/revisions\/9917"}],"wp:attachment":[{"href":"https:\/\/ivan-macias.com\/en\/wp-json\/wp\/v2\/media?parent=9564"}],"curies":[{"name":"wp","href":"https:\/\/api.w.org\/{rel}","templated":true}]}}