{"id":9732,"date":"2026-03-15T23:45:17","date_gmt":"2026-03-15T23:45:17","guid":{"rendered":"https:\/\/ivan-macias.com\/?page_id=9732"},"modified":"2026-03-30T07:44:19","modified_gmt":"2026-03-30T07:44:19","slug":"acerca-de","status":"publish","type":"page","link":"https:\/\/ivan-macias.com\/en\/acerca-de\/","title":{"rendered":"About"},"content":{"rendered":"\n<figure class=\"wp-block-image size-full\"><img loading=\"lazy\" decoding=\"async\" width=\"2048\" height=\"2560\" src=\"https:\/\/ivan-macias.com\/wp-content\/uploads\/2026\/03\/L1042206-scaled.jpg\" alt=\"\" class=\"wp-image-10031\" srcset=\"https:\/\/ivan-macias.com\/wp-content\/uploads\/2026\/03\/L1042206-scaled.jpg 2048w, https:\/\/ivan-macias.com\/wp-content\/uploads\/2026\/03\/L1042206-768x960.jpg 768w\" sizes=\"auto, (max-width: 2048px) 100vw, 2048px\" \/><\/figure>\n\n\n\n<p class=\"has-text-align-left has-montserrat-font-family has-custom-font\" style=\"border-style:none;border-width:0px;font-family:montserrat\"><strong>Iv\u00e1n Mac\u00edas <\/strong>(15 de junio de 1986) es un destacado fot\u00f3grafo documental mexicano, galardonado con el World Press Photo en 2021. Ingeniero mecatr\u00f3nico de formaci\u00f3n, ha consolidado una carrera visual que fusiona la precisi\u00f3n t\u00e9cnica con una profunda sensibilidad humanista, centrando su trabajo en la fotograf\u00eda documental como una poderosa herramienta de denuncia y conciencia social.<br><br>Como parte de la comunidad autista, Iv\u00e1n utiliza su plataforma para promover activamente la concienciaci\u00f3n sobre la neurodivergencia y los derechos de las personas con discapacidad. Integra su propia perspectiva dentro del espectro autista como un eje vital para construir una narrativa visual \u00edntima, honesta y emp\u00e1tica. Este compromiso se materializa en proyectos de alto impacto, como la exposici\u00f3n \u201cMirar desde dentro: Autismo y Fotograf\u00eda\u201d, presentada en espacios de relevancia como el Museo Archivo de la Fotograf\u00eda y el Instituto Nacional de Medicina Gen\u00f3mica.<br><br>Su trayectoria ha sido reconocida con m\u00e1s de 25 premios internacionales, destacando m\u00faltiples galardones en los Tokyo International Foto Awards y los International Photography Awards. En 2021, la revista Forbes lo incluy\u00f3 en su lista de \u00abLos 100 mexicanos m\u00e1s creativos\u00bb. Adem\u00e1s, es autor del libro Huellas de la Pandemia (2021), un homenaje visual al personal de salud. <br><br>Actualmente se desempe\u00f1a como embajador de las marcas Sony y Honor. A la par de su labor fotogr\u00e1fica, es un activo conferencista y docente que ha llevado su mensaje y experiencia a prestigiosas instituciones de M\u00e9xico, como la UNAM y el Museo Franz Mayer y el Palacio de Bellas Artes, demostrando que el arte visual es un puente fundamental para la comprensi\u00f3n y la inclusi\u00f3n de las mentes neurodivergentes.<\/p>\n\n\n\n<p class=\"has-x-large-font-size\">Premios y Reconocimientos<\/p>\n\n\n\n<p class=\"has-text-align-left\"><strong>2025 | NTD International Photography Competition<\/strong><br><a href=\"https:\/\/www.ntd.com\/winners-of-ntds-5th-international-photography-competition-announced_1122873.html\" target=\"_blank\" rel=\"noreferrer noopener\">Tercer Lugar en Naturaleza y Paisaje<\/a><br><br><strong>2025 | M\u00e9xico en una Imagen<\/strong><br><a href=\"https:\/\/www.lohechoenmexico.mx\/mximg15\/ganadores.php\" target=\"_blank\" rel=\"noreferrer noopener\">Finalista, Selecci\u00f3n Oficial<br><\/a><br><strong>2025 | International Photography Awards<\/strong><br><a href=\"https:\/\/www.photoawards.com\/winner\/zoom.php?eid=8-1722611124-25\" target=\"_blank\" rel=\"noreferrer noopener\">Menci\u00f3n Honor\u00edfica en la categor\u00eda Editorial<br><\/a><a href=\"https:\/\/www.photoawards.com\/winner\/zoom.php?eid=8-1722611142-25\" target=\"_blank\" rel=\"noreferrer noopener\">Menci\u00f3n Honor\u00edfica en la categor\u00eda Gente<br><\/a><a href=\"https:\/\/www.photoawards.com\/winner\/zoom.php?eid=8-1722602415-25\" target=\"_blank\" rel=\"noreferrer noopener\">Menci\u00f3n Honor\u00edfica en la categor\u00eda Eventos-Tradiciones<br><\/a><br><strong>2025 | Retratando la Complejidad, UNAM<\/strong><br><a href=\"https:\/\/www.facebook.com\/C3.unam\/posts\/pfbid02qJDGeXuzabLAz4dqYyA54qCbnvnGQupoKJsMtdn5AasuguX17k6A8vm4LD6AFatCl?rdid=N6BZf8h28GDEgTNu#\" target=\"_blank\" rel=\"noreferrer noopener\">Ganador<br><\/a><br><strong>2025 | Tokyo International Foto Awards<\/strong><br><a href=\"https:\/\/www.tokyofotoawards.jp\/winners\/social\/2025\/23-58911-25\/\" target=\"_blank\" rel=\"noreferrer noopener\">Menci\u00f3n Honor\u00edfica en la categor\u00eda Gente-Evento<br><\/a><br><strong>2025 | Budapest Foto Awards<\/strong><br><a href=\"https:\/\/budapestfotoawards.com\/winners\/social\/2025\/93-37303-25\/1774296070\/\" target=\"_blank\" rel=\"noreferrer noopener\">Medalla de Bronce en la categor\u00eda Gente-Cultura<br><\/a><a href=\"https:\/\/budapestfotoawards.com\/winners\/social\/2025\/93-36839-25\/1774296070\/\" target=\"_blank\" rel=\"noreferrer noopener\">Menci\u00f3n Honor\u00edfica en la categor\u00eda Social-Tradiciones<br><\/a><br><strong>2024 | World Photography Organization<\/strong><br><a href=\"https:\/\/www.worldphoto.org\/sony-world-photography-awards\/winners-galleries\/2024\/latin-america-professional-award\/hurricane-0?back=type\" target=\"_blank\" rel=\"noreferrer noopener\">Ganador Shortlist<br><\/a><br><strong>2024 | Tokyo International Foto Awards<\/strong><br><a href=\"https:\/\/www.tokyofotoawards.jp\/winners\/social\/2024\/23-50815-24\/\" target=\"_blank\" rel=\"noreferrer noopener\">Ganador de Plata en la categor\u00eda Gente-Cultura<br><\/a><a href=\"http:\/\/www.tokyofotoawards.jp\/winners\/social\/2024\/23-50806-24\/\" target=\"_blank\" rel=\"noreferrer noopener\">Menci\u00f3n Honor\u00edfica en la categor\u00eda Editorial-Foto Ensayo<br><\/a><br><strong>2023 | Tokyo International Foto Awards<\/strong><br><a href=\"https:\/\/www.tokyofotoawards.jp\/winners\/social\/2023\/23-45648-23\/\" target=\"_blank\" rel=\"noreferrer noopener\">Primer Lugar en la categor\u00eda Editorial-Noticias<br><\/a><br><strong>2023 | One Eyeland Awards<\/strong><br><a href=\"https:\/\/oneeyeland.com\/awards\/award_images.php?award_id=7871&amp;slug=ivanmacias\" target=\"_blank\" rel=\"noreferrer noopener\">Medalla de Oro en la categor\u00eda Editorial<\/a><br><br><strong>2023 | One Eyeland Mobile Awards<\/strong><br><a href=\"https:\/\/oneeyeland.com\/top-10\/photo-contest\/mobile\/award_images.php?award_id=13908&amp;slug=ivan-macias\" target=\"_blank\" rel=\"noreferrer noopener\">Medalla de Plata en la categor\u00eda Calle<\/a><br><a href=\"https:\/\/oneeyeland.com\/top-10\/photo-contest\/mobile\/award_images.php?award_id=13909&amp;slug=ivan-macias\" target=\"_blank\" rel=\"noreferrer noopener\">Medalla de Plata en la categor\u00eda Paisaje<\/a><br><br><strong>2023 | One Eyeland Street Phot<\/strong>o<br><a href=\"https:\/\/oneeyeland.com\/top-10\/photo-contest\/street\/award_images.php?award_id=11733&amp;slug=ivan-macias\" target=\"_blank\" rel=\"noreferrer noopener\">Medalla de plata en la categor\u00eda Retrato<br><\/a><a href=\"https:\/\/oneeyeland.com\/top-10\/photo-contest\/street\/award_images.php?award_id=11638&amp;slug=ivan-macias\" target=\"_blank\" rel=\"noreferrer noopener\">Medalla de bronce en la categor\u00eda Otros<\/a><br><a href=\"https:\/\/oneeyeland.com\/top-10\/photo-contest\/street\/award_images.php?award_id=11696&amp;slug=ivan-macias\" target=\"_blank\" rel=\"noreferrer noopener\">Finalista en la categor\u00eda Retrato<\/a><br><a href=\"https:\/\/oneeyeland.com\/top-10\/photo-contest\/street\/award_images.php?award_id=11697&amp;slug=ivan-macias\" target=\"_blank\" rel=\"noreferrer noopener\">Finalista en la categor\u00eda Otros<br><\/a><br><strong>2022 | Festival Internacional De Fotograf\u00eda en Le\u00f3n<\/strong><br><a href=\"https:\/\/www.am.com.mx\/cultura\/2022\/4\/8\/la-muestra-fotografica-del-sexto-concurso-internacional-de-fotografia-ya-esta-aqui-599308.html\" target=\"_blank\" rel=\"noreferrer noopener\">Finalista, Selecci\u00f3n Oficial en la categor\u00eda Urbana<br><\/a><br><strong>2022 | Doctorado Honoris Causa<\/strong><br><a href=\"https:\/\/www.facebook.com\/elivanmacias\/posts\/hoy-tuve-la-fortuna-y-el-gran-honor-de-recibir-el-t%C3%ADtulo-de-doctor-honoris-causa\/653425436151194\/\" target=\"_blank\" rel=\"noreferrer noopener\">Otorgado por el Claustro Doctoral Honoris Causa A.C.<br><\/a><br><strong>2022 | M\u00e9xico en una Imagen<\/strong><br><a href=\"https:\/\/www.lohechoenmexico.mx\/mximg12\/ganadores.php#google_vignette\" target=\"_blank\" rel=\"noreferrer noopener\">Tercer Lugar en la categor\u00eda Profesional<br><\/a><br><strong>2022 | One Eyeland Street Photographers<\/strong><br><a href=\"https:\/\/oneeyeland.com\/top-10\/photo-contest\/street\/award_images.php?award_id=9021&amp;slug=ivan-macias\" target=\"_blank\" rel=\"noreferrer noopener\">Medalla de Oro en la categor\u00eda General<br><\/a><a href=\"https:\/\/oneeyeland.com\/top-10\/photo-contest\/street\/award_images.php?award_id=8961&amp;slug=ivan-macias\" target=\"_blank\" rel=\"noreferrer noopener\">Medalla de Bronce en la categor\u00eda Geometr\u00edas<br><\/a><br><strong>2022 | One Eyeland Wildlife Photo<\/strong><br><a href=\"https:\/\/oneeyeland.com\/top-10\/photo-contest\/wildlife\/award_images.php?award_id=8604&amp;slug=ivan-macias\" target=\"_blank\" rel=\"noreferrer noopener\">Medalla de Plata en la categor\u00eda Retrato Animal<\/a><br><a href=\"https:\/\/oneeyeland.com\/top-10\/photo-contest\/wildlife\/award_images.php?award_id=8605&amp;slug=ivan-macias\" target=\"_blank\" rel=\"noreferrer noopener\">Medalla e Plata en la categor\u00eda Blanco y Negro<br><\/a><a href=\"https:\/\/oneeyeland.com\/top-10\/photo-contest\/wildlife\/award_images.php?award_id=8451&amp;slug=ivan-macias\" target=\"_blank\" rel=\"noreferrer noopener\">Medalla de Bronce en la categor\u00eda Aves<br><\/a><br><strong>2022 | Tokyo International Foto Awards<\/strong><br><a href=\"https:\/\/www.tokyofotoawards.jp\/winners\/social\/2022\/23-38431-22\/\" target=\"_blank\" rel=\"noreferrer noopener\">Seleccion Oficial en la categor\u00e1 Gente-Cultura<br><\/a><br><strong>2022| International Photography Awards<\/strong><br><a href=\"https:\/\/www.photoawards.com\/winner\/zoom.php?eid=8-1656549426-22\">Selecci\u00f3n Oficial en la categor\u00eda Gente-Tradiciones<br><\/a><a href=\"https:\/\/www.photoawards.com\/winner\/zoom.php?eid=8-1656545982-22\" target=\"_blank\" rel=\"noreferrer noopener\">Selecci\u00f3n Oficial en la categor\u00eda Evento-Tradiciones<br><\/a><br><strong>2021 | Forbes<\/strong><br><a href=\"https:\/\/forbes.com.mx\/tag\/100-mexicanos-mas-creativos\/\" target=\"_blank\" rel=\"noreferrer noopener\">Nombrado uno de los \u00ab100 mexicanos m\u00e1s creativos\u00bb<br><\/a><br><strong>2021 | World Press Photo<\/strong><br><a href=\"https:\/\/www.worldpressphoto.org\/collection\/photo-contest\/2021\/ivan-macias\/1\" target=\"_blank\" rel=\"noreferrer noopener\">Segundo Lugar en la categor\u00eda Retrato<br><\/a><br><strong>2020 | M\u00e9xico en una Imagen<\/strong><br><a href=\"https:\/\/www.lohechoenmexico.mx\/mximg10\/ganadores.php\" target=\"_blank\" rel=\"noreferrer noopener\">Primer Lugar en la categor\u00eda Profesional<br><\/a><br><strong>2020 | International Photography Awards<\/strong><br><a href=\"https:\/\/www.photoawards.com\/winner\/zoom.php?eid=8-197767-20\" target=\"_blank\" rel=\"noreferrer noopener\">Tercer Lugar en la categor\u00eda Perspectiva Profunda<br><\/a><a href=\"https:\/\/www.photoawards.com\/winner\/zoom.php?eid=8-197793-20\" target=\"_blank\" rel=\"noreferrer noopener\">Menci\u00f3n Honor\u00edfica en la categor\u00eda Gente<br><\/a><a href=\"https:\/\/www.photoawards.com\/winner\/zoom.php?eid=8-197815-20\" target=\"_blank\" rel=\"noreferrer noopener\">Menci\u00f3n Honor\u00edfica en la categor\u00eda Evento-Causa Social<br><\/a><br><strong>2019 | TARES<\/strong><br><a href=\"https:\/\/www.facebook.com\/photo\/?fbid=2611312395809661&amp;set=pcb.2611313015809599\" target=\"_blank\" rel=\"noreferrer noopener\">Tercer Lugar en Fotograf\u00eda de Arquitectura.<br><\/a><br><strong>2019 | International Photography Awards<\/strong><br><a href=\"https:\/\/www.photoawards.com\/winner\/zoom.php?eid=8-176600-19\" target=\"_blank\" rel=\"noreferrer noopener\">Segundo Lugar en la categor\u00eda Fotograf\u00eda Nocturna<\/a><\/p>\n\n\n\n<p class=\"has-x-large-font-size\">Exhibiciones destacadas<\/p>\n\n\n\n<p><strong>2025 | Museo Archivo de la Fotograf\u00eda<\/strong><br>\u00abMirar desde Dentro: Autismo y Fotograf\u00eda\u00bb<br><br><strong>2025 | Metro de la Ciudad de M\u00e9xico<\/strong><br>\u00abFuego y Fe en Tultepec\u00bb<br><br>2<strong>025 | Instituto Nacional de Medicina Gen\u00f3mica<\/strong><br>\u00abAutismo\u00bb<br><br><strong>2024 | Museo Archivo de la Fotograf\u00eda<\/strong><br>\u00abAutismo\u00bb<br><br><strong>2025 | Foro Valpara\u00edso<\/strong><br>\u00abAutismo\u00bb<br><br><strong>2023 | Casa Refugio Citalt\u00e9petl<\/strong><br>\u00abEvoluciones\u00bb<\/p>\n\n\n\n<script type=\"application\/ld+json\">\n{\n  \"@context\": \"https:\/\/schema.org\",\n  \"@type\": \"Person\",\n  \"name\": \"Iv\u00e1n Mac\u00edas\",\n  \"url\": \"https:\/\/ivan-macias.com\",\n  \"image\": \"https:\/\/ivan-macias.com\/wp-content\/uploads\/2026\/03\/20210812171515_IMG_3164-1199x800.jpg\",\n  \"jobTitle\": [\"Fot\u00f3grafo Documental\", \"Ingeniero Mecatr\u00f3nico\"],\n  \"description\": \"Iv\u00e1n Mac\u00edas es un destacado fot\u00f3grafo documental mexicano y ganador del World Press Photo 2021. Su obra fusiona la precisi\u00f3n t\u00e9cnica de la ingenier\u00eda con una narrativa visual humanista y un firme compromiso con la concienciaci\u00f3n sobre el autismo.\",\n  \"knowsAbout\": [\"Fotograf\u00eda Documental\", \"Autismo\", \"Ingenier\u00eda Mecatr\u00f3nica\", \"Derechos de las personas con discapacidad\", \"Fotograf\u00eda Fine Art\"],\n  \"memberOf\": [\n    {\n      \"@type\": \"Organization\",\n      \"name\": \"Embajadores de Sony Photography\"\n    },\n    {\n      \"@type\": \"Organization\",\n      \"name\": \"Embajadores de Honor M\u00e9xico\"\n    }\n  ],\n  \"award\": [\n    \"Segundo Lugar en World Press Photo 2021 (Categor\u00eda Retratos)\",\n    \"Nombrado uno de los 100 mexicanos m\u00e1s creativos por Forbes en 2021\",\n    \"M\u00faltiples medallas de Oro y Plata en Tokyo International Foto Awards\",\n    \"Doctorado Honoris Causa 2022 por el Claustro Doctoral Honoris Causa A.C.\"\n  ],\n  \"alumniOf\": {\n    \"@type\": \"EducationalOrganization\",\n    \"name\": \"Ingenier\u00eda Mecatr\u00f3nica\"\n  },\n  \"workFeatured\": [\n    {\n      \"@type\": \"Book\",\n      \"name\": \"Huellas de la Pandemia\",\n      \"datePublished\": \"2021\",\n      \"publisher\": \"Iv\u00e1n Mac\u00edas\",\n      \"description\": \"Un homenaje visual al personal de salud durante la crisis sanitaria.\"\n    }\n  ],\n  \"sameAs\": [\n    \"https:\/\/www.wikidata.org\/wiki\/Q138775094\",\n    \"https:\/\/www.instagram.com\/ivan_macias\",\n    \"https:\/\/x.com\/elivanmacias\",\n    \"https:\/\/www.facebook.com\/elivanmacias\",\n    \"https:\/\/www.youtube.com\/ivan_macias\",\n    \"https:\/\/www.worldpressphoto.org\/collection\/photo\/2021\/31421\/1\/Ivan-Macias\",\n    \"https:\/\/www.forbes.com.mx\/los-100-mexicanos-mas-creativos-en-el-mundo-2021-un-homenaje-a-la-resiliencia\/\"\n  ]\n}\n<\/script>\n","protected":false},"excerpt":{"rendered":"<p>Iv\u00e1n Mac\u00edas (15 de junio de 1986) es un destacado fot\u00f3grafo documental mexicano, galardonado con el World Press Photo en 2021. Ingeniero mecatr\u00f3nico de formaci\u00f3n, ha consolidado una carrera visual que fusiona la precisi\u00f3n t\u00e9cnica con una profunda sensibilidad humanista, centrando su trabajo en la fotograf\u00eda documental como una poderosa herramienta de denuncia y conciencia [&hellip;]<\/p>\n","protected":false},"author":1,"featured_media":0,"parent":0,"menu_order":0,"comment_status":"closed","ping_status":"closed","template":"","meta":{"_coblocks_attr":"","_coblocks_dimensions":"","_coblocks_responsive_height":"","_coblocks_accordion_ie_support":"","footnotes":""},"class_list":["post-9732","page","type-page","status-publish","hentry"],"_links":{"self":[{"href":"https:\/\/ivan-macias.com\/en\/wp-json\/wp\/v2\/pages\/9732","targetHints":{"allow":["GET"]}}],"collection":[{"href":"https:\/\/ivan-macias.com\/en\/wp-json\/wp\/v2\/pages"}],"about":[{"href":"https:\/\/ivan-macias.com\/en\/wp-json\/wp\/v2\/types\/page"}],"author":[{"embeddable":true,"href":"https:\/\/ivan-macias.com\/en\/wp-json\/wp\/v2\/users\/1"}],"replies":[{"embeddable":true,"href":"https:\/\/ivan-macias.com\/en\/wp-json\/wp\/v2\/comments?post=9732"}],"version-history":[{"count":19,"href":"https:\/\/ivan-macias.com\/en\/wp-json\/wp\/v2\/pages\/9732\/revisions"}],"predecessor-version":[{"id":10669,"href":"https:\/\/ivan-macias.com\/en\/wp-json\/wp\/v2\/pages\/9732\/revisions\/10669"}],"wp:attachment":[{"href":"https:\/\/ivan-macias.com\/en\/wp-json\/wp\/v2\/media?parent=9732"}],"curies":[{"name":"wp","href":"https:\/\/api.w.org\/{rel}","templated":true}]}}