{"id":9801,"date":"2026-03-21T23:47:17","date_gmt":"2026-03-21T23:47:17","guid":{"rendered":"https:\/\/ivan-macias.com\/?page_id=9801"},"modified":"2026-03-23T02:44:13","modified_gmt":"2026-03-23T02:44:13","slug":"politica-de-privacidad","status":"publish","type":"page","link":"https:\/\/ivan-macias.com\/en\/politica-de-privacidad\/","title":{"rendered":"Privacy Policy"},"content":{"rendered":"<h2 class=\"wp-block-heading has-large-font-size\">1. Identity and Data Controller<\/h2>\n\n\n\n<p>El responsable del tratamiento de sus datos personales es <strong>Iv\u00e1n Mac\u00edas<\/strong>The party responsible for the processing of your personal data is Iv\u00e1n Mac\u00edas, with an address for notifications in Mexico City, Mexico, and contact email: contacto@ivan-macias.com.<\/p>\n\n\n\n<h2 class=\"wp-block-heading has-large-font-size\">2. Personal Data We Collect<\/h2>\n\n\n\n<p>To fulfill the purposes described in this notice, we collect the following information:<\/p>\n\n\n\n<ul class=\"wp-block-list\">\n<li><strong>Identification:<\/strong> Full name.<\/li>\n\n\n\n<li><strong>Contact:<\/strong> Email address and phone number.<\/li>\n\n\n\n<li><strong>Logistics:<\/strong> Shipping address (Street, number, neighborhood, zip code, city, and state).<\/li>\n\n\n\n<li><strong>Billing:<\/strong> If required, Tax ID (RFC) and fiscal address.<\/li>\n<\/ul>\n\n\n\n<p><strong>Important Note on Payments:<\/strong> We <strong>do not store<\/strong> or have access to your credit or debit card information. Payment processing is handled securely through external encrypted platforms such as <strong>Mercado Pago<\/strong> and <strong>PayPal<\/strong>.<\/p>\n\n\n\n<h2 class=\"wp-block-heading has-large-font-size\">3. Purposes of Data Processing<\/h2>\n\n\n\n<p>Your personal data will be used for the following necessary activities:<\/p>\n\n\n\n<ul class=\"wp-block-list\">\n<li>Processing your purchases and managing the shipment of <strong>Huellas de la Pandemia<\/strong> or other acquired works.<\/li>\n\n\n\n<li>Notifying you of your order status.<\/li>\n\n\n\n<li>Providing customer service and technical support.<\/li>\n\n\n\n<li>Issuing legal invoices upon request.<\/li>\n<\/ul>\n\n\n\n<p>Additionally, with your authorization, we may use your contact info to send news about new exhibitions, book launches, or photography projects. You may unsubscribe at any time.<\/p>\n\n\n\n<h2 class=\"wp-block-heading has-large-font-size\">4. Data Transfer<\/h2>\n\n\n\n<p>Your personal data may be shared with:<\/p>\n\n\n\n<ol start=\"1\" class=\"wp-block-list\">\n<li><strong>Courier and Logistics Companies:<\/strong> Solely to complete the delivery of your order.<\/li>\n\n\n\n<li><strong>Competent Authorities:<\/strong> Only in case of a legally grounded and motivated requirement.<\/li>\n<\/ol>\n\n\n\n<h2 class=\"wp-block-heading has-large-font-size\">5. ARCO Rights (Access, Rectification, Cancellation, and Opposition)<\/h2>\n\n\n\n<p>You have the right to know what data we have about you, what we use it for, and the conditions of its use (Access). It is also your right to request the correction of your information (Rectification), its removal from our records (Cancellation), or to object to the use of your data for specific purposes (Opposition).<\/p>\n\n\n\n<p>To exercise any of these rights, please send a request to: contacto@ivan-macias.com.<\/p>\n\n\n\n<h2 class=\"wp-block-heading has-large-font-size\">6. Use of Cookies<\/h2>\n\n\n\n<p>Our site uses <em>cookies<\/em> to enhance your browsing experience, remember items in your shopping cart, and analyze traffic anonymously. You can disable cookies through your browser settings.<\/p>","protected":false},"excerpt":{"rendered":"<p>1. Identidad y Domicilio del Responsable El responsable del tratamiento de sus datos personales es Iv\u00e1n Mac\u00edas, con domicilio para o\u00edr y recibir notificaciones en Ciudad de M\u00e9xico, M\u00e9xico y correo electr\u00f3nico de contacto contacto@ivan-macias.com. 2. Datos Personales que recabamos Para llevar a cabo las finalidades descritas en este aviso, recabaremos los siguientes datos: Nota [&hellip;]<\/p>\n","protected":false},"author":1,"featured_media":0,"parent":0,"menu_order":0,"comment_status":"closed","ping_status":"closed","template":"","meta":{"_coblocks_attr":"","_coblocks_dimensions":"","_coblocks_responsive_height":"","_coblocks_accordion_ie_support":"","footnotes":""},"class_list":["post-9801","page","type-page","status-publish","hentry"],"_links":{"self":[{"href":"https:\/\/ivan-macias.com\/en\/wp-json\/wp\/v2\/pages\/9801","targetHints":{"allow":["GET"]}}],"collection":[{"href":"https:\/\/ivan-macias.com\/en\/wp-json\/wp\/v2\/pages"}],"about":[{"href":"https:\/\/ivan-macias.com\/en\/wp-json\/wp\/v2\/types\/page"}],"author":[{"embeddable":true,"href":"https:\/\/ivan-macias.com\/en\/wp-json\/wp\/v2\/users\/1"}],"replies":[{"embeddable":true,"href":"https:\/\/ivan-macias.com\/en\/wp-json\/wp\/v2\/comments?post=9801"}],"version-history":[{"count":3,"href":"https:\/\/ivan-macias.com\/en\/wp-json\/wp\/v2\/pages\/9801\/revisions"}],"predecessor-version":[{"id":9937,"href":"https:\/\/ivan-macias.com\/en\/wp-json\/wp\/v2\/pages\/9801\/revisions\/9937"}],"wp:attachment":[{"href":"https:\/\/ivan-macias.com\/en\/wp-json\/wp\/v2\/media?parent=9801"}],"curies":[{"name":"wp","href":"https:\/\/api.w.org\/{rel}","templated":true}]}}