{"id":10358,"date":"2026-03-30T03:13:24","date_gmt":"2026-03-30T03:13:24","guid":{"rendered":"https:\/\/ivan-macias.com\/?post_type=product&#038;p=10358"},"modified":"2026-03-30T03:16:23","modified_gmt":"2026-03-30T03:16:23","slug":"orbita-urbana-2","status":"publish","type":"product","link":"https:\/\/ivan-macias.com\/en\/product\/orbita-urbana-2\/","title":{"rendered":"\u00d3rbita Urbana 2"},"content":{"rendered":"<p data-path-to-node=\"6,1,1,0,0\">Impresi\u00f3n digital en papel algod\u00f3n.<br \/>\nIncluye certificado de autenticidad firmado y numerado por el autor.<\/p>\n<p><strong>Datos T\u00e9cnicos:<\/strong><\/p>\n<p>Glorieta Divisi\u00f3n del Norte y Cuauth\u00e9moc, Ciudad de M\u00e9xico.<br \/>\n2018<\/p>\n<p>Apilado de 60 fotos<br \/>\nf\/2.8<br \/>\n1s<br \/>\n9 mm<br \/>\nISO 200<\/p>\n<p data-path-to-node=\"6,1,1,0,0\"><strong>Esta fotograf\u00eda ha sido expuesta en:<\/strong><br \/>\nMuseo Archivo de la Fotograf\u00eda, 2025.<br \/>\nSecretaria de Salud, CISAME, 2026.<\/p>","protected":false},"excerpt":{"rendered":"<p>Edici\u00f3n limitada a 15 copias por formato.<\/p>","protected":false},"featured_media":10310,"template":"","meta":{"_coblocks_attr":"","_coblocks_dimensions":"","_coblocks_responsive_height":"","_coblocks_accordion_ie_support":""},"product_brand":[],"product_cat":[112,109],"product_tag":[],"class_list":{"0":"post-10358","1":"product","2":"type-product","3":"status-publish","4":"has-post-thumbnail","6":"product_cat-el-caos-y-sus-equilibrios","7":"product_cat-mirar-desde-dentro","9":"first","10":"instock","11":"taxable","12":"shipping-taxable","13":"purchasable","14":"product-type-variable","15":"has-default-attributes"},"_links":{"self":[{"href":"https:\/\/ivan-macias.com\/en\/wp-json\/wp\/v2\/product\/10358","targetHints":{"allow":["GET"]}}],"collection":[{"href":"https:\/\/ivan-macias.com\/en\/wp-json\/wp\/v2\/product"}],"about":[{"href":"https:\/\/ivan-macias.com\/en\/wp-json\/wp\/v2\/types\/product"}],"wp:featuredmedia":[{"embeddable":true,"href":"https:\/\/ivan-macias.com\/en\/wp-json\/wp\/v2\/media\/10310"}],"wp:attachment":[{"href":"https:\/\/ivan-macias.com\/en\/wp-json\/wp\/v2\/media?parent=10358"}],"wp:term":[{"taxonomy":"product_brand","embeddable":true,"href":"https:\/\/ivan-macias.com\/en\/wp-json\/wp\/v2\/product_brand?post=10358"},{"taxonomy":"product_cat","embeddable":true,"href":"https:\/\/ivan-macias.com\/en\/wp-json\/wp\/v2\/product_cat?post=10358"},{"taxonomy":"product_tag","embeddable":true,"href":"https:\/\/ivan-macias.com\/en\/wp-json\/wp\/v2\/product_tag?post=10358"}],"curies":[{"name":"wp","href":"https:\/\/api.w.org\/{rel}","templated":true}]}}