{"id":10475,"date":"2026-03-30T05:25:49","date_gmt":"2026-03-30T05:25:49","guid":{"rendered":"https:\/\/ivan-macias.com\/?post_type=product&#038;p=10475"},"modified":"2026-03-30T06:13:33","modified_gmt":"2026-03-30T06:13:33","slug":"el-arbol-de-la-vida","status":"publish","type":"product","link":"https:\/\/ivan-macias.com\/en\/product\/el-arbol-de-la-vida\/","title":{"rendered":"El \u00c1rbol de la Vida"},"content":{"rendered":"<p data-path-to-node=\"6,1,1,0,0\">Impresi\u00f3n digital en papel algod\u00f3n.<br \/>\nIncluye certificado de autenticidad firmado y numerado por el autor.<\/p>\n<p><strong>Datos T\u00e9cnicos:<\/strong><\/p>\n<p>Reforma, Ciudad de M\u00e9xico.<br \/>\n2021<\/p>\n<p>f\/2.8<br \/>\n1\/200s<br \/>\n57 mm<br \/>\nISO 100<\/p>\n<p data-path-to-node=\"6,1,1,0,0\"><strong>Esta fotograf\u00eda ha sido expuesta en:<br \/>\n<\/strong>Universidad Nacional Rosario Castellanos,2024.<br \/>\nMuseo Archivo de la Fotograf\u00eda, 2024.<br \/>\nMuseo Archivo de la Fotograf\u00eda, 2025.<\/p>\n<p data-path-to-node=\"6,1,1,0,0\">Est\u00e1 fotograf\u00eda forma parte del acervo permanente del Museo Archivo de la Fotograf\u00eda.<\/p>","protected":false},"excerpt":{"rendered":"<p>Edici\u00f3n limitada a 15 copias por formato.<\/p>","protected":false},"featured_media":10461,"template":"","meta":{"_coblocks_attr":"","_coblocks_dimensions":"","_coblocks_responsive_height":"","_coblocks_accordion_ie_support":""},"product_brand":[],"product_cat":[109,114],"product_tag":[],"class_list":{"0":"post-10475","1":"product","2":"type-product","3":"status-publish","4":"has-post-thumbnail","6":"product_cat-mirar-desde-dentro","7":"product_cat-narrativas-visuales-compartidas","9":"first","10":"instock","11":"taxable","12":"shipping-taxable","13":"purchasable","14":"product-type-variable","15":"has-default-attributes"},"_links":{"self":[{"href":"https:\/\/ivan-macias.com\/en\/wp-json\/wp\/v2\/product\/10475","targetHints":{"allow":["GET"]}}],"collection":[{"href":"https:\/\/ivan-macias.com\/en\/wp-json\/wp\/v2\/product"}],"about":[{"href":"https:\/\/ivan-macias.com\/en\/wp-json\/wp\/v2\/types\/product"}],"wp:featuredmedia":[{"embeddable":true,"href":"https:\/\/ivan-macias.com\/en\/wp-json\/wp\/v2\/media\/10461"}],"wp:attachment":[{"href":"https:\/\/ivan-macias.com\/en\/wp-json\/wp\/v2\/media?parent=10475"}],"wp:term":[{"taxonomy":"product_brand","embeddable":true,"href":"https:\/\/ivan-macias.com\/en\/wp-json\/wp\/v2\/product_brand?post=10475"},{"taxonomy":"product_cat","embeddable":true,"href":"https:\/\/ivan-macias.com\/en\/wp-json\/wp\/v2\/product_cat?post=10475"},{"taxonomy":"product_tag","embeddable":true,"href":"https:\/\/ivan-macias.com\/en\/wp-json\/wp\/v2\/product_tag?post=10475"}],"curies":[{"name":"wp","href":"https:\/\/api.w.org\/{rel}","templated":true}]}}