{"id":9749,"date":"2026-03-21T20:50:47","date_gmt":"2026-03-21T20:50:47","guid":{"rendered":"https:\/\/ivan-macias.com\/?post_type=product&#038;p=9749"},"modified":"2026-03-23T07:42:51","modified_gmt":"2026-03-23T07:42:51","slug":"libro-documental-huellas-de-la-pandemia","status":"publish","type":"product","link":"https:\/\/ivan-macias.com\/en\/product\/libro-documental-huellas-de-la-pandemia\/","title":{"rendered":"Documentary Photobook: \u00abHuellas de la Pandemia\u00bb"},"content":{"rendered":"<p id=\"p-rc_61128083fb1ddffe-31\" data-path-to-node=\"9,0\"><span data-path-to-node=\"9,0,1\"><span class=\"citation-57\">Con textos de Javier Risco y Javier Sol\u00f3rzano <\/span><\/span><span data-path-to-node=\"9,0,4\"><span class=\"citation-56\">, este documento visual nos permite conocer lo que vivieron los pacientes y los momentos tan duros por los que atravesaron<\/span><\/span><span data-path-to-node=\"9,0,6\">.<\/span><\/p>\n<p data-path-to-node=\"9,1\">Como menciona Javier Risco en el pr\u00f3logo:<\/p>\n<p id=\"p-rc_61128083fb1ddffe-32\" data-path-to-node=\"9,3\"><span data-path-to-node=\"9,3,0\"><span class=\"citation-55\">\u00abDentro de lo tangible, el libro que tiene usted en sus manos [&#8230;] es una pieza fundamental para encontrar la ansiada VERDAD. El trabajo del fotoperiodista Iv\u00e1n Mac\u00edas no deja espacio a la mentira [&#8230;] las fotograf\u00edas que nos muestra en este documento de inmenso valor son las \u00abHuellas\u00bb que ha dejado este 2020 en el epicentro de la tragedia, los hospitales\u00bb<\/span><\/span><span data-path-to-node=\"9,3,2\">. <\/span><span data-path-to-node=\"9,3,4\"><span class=\"citation-54\">\u00abHuellas de la pandemia es un testimonio de valent\u00eda, pero tambi\u00e9n de esperanza latente [&#8230;] el jurado ha visto en la mirada de una doctora las huellas del cansancio y del esfuerzo llevado hasta el l\u00edmite\u00bb<\/span><\/span><span data-path-to-node=\"9,3,6\">.<\/span><\/p>\n","protected":false},"excerpt":{"rendered":"<p id=\"p-rc_61128083fb1ddffe-28\" data-path-to-node=\"6,0\"><span data-path-to-node=\"6,0,1\"><span class=\"citation-62\">Huellas de la Pandemia recopila 150 fotograf\u00edas del proyecto \u00abPrimera L\u00ednea: COVID-19\u00bb, que se realiz\u00f3 en mayo de 2020, cuando la primera ola de la pandemia se encontraba en lo m\u00e1s alto<\/span><\/span><span data-path-to-node=\"6,0,3\">.<\/span><\/p>\n<p id=\"p-rc_61128083fb1ddffe-29\" data-path-to-node=\"6,1\"><span data-path-to-node=\"6,1,1\"><span class=\"citation-61\">Es un homenaje a los trabajadores del sector salud <\/span><\/span><span data-path-to-node=\"6,1,4\"><span class=\"citation-60\">y un testimonio visual de la realidad dentro de los hospitales<\/span><\/span><span data-path-to-node=\"6,1,6\">. <\/span><span data-path-to-node=\"6,1,8\"><span class=\"citation-59\">Incluye la obra del fot\u00f3grafo ganador del segundo lugar en la categor\u00eda de Retrato en el World Press Photo 2021<\/span><\/span><span data-path-to-node=\"6,1,10\">.<\/span><\/p>\n<p id=\"p-rc_61128083fb1ddffe-30\" data-path-to-node=\"6,3\"><span data-path-to-node=\"6,3,0\"><b data-path-to-node=\"6,3,0\" data-index-in-node=\"0\"><span class=\"citation-58\">Formato:<\/span><\/b><span class=\"citation-58\"> Libro impreso de 192 p\u00e1ginas<\/span><\/span><span data-path-to-node=\"6,3,2\">.<\/span><\/p>","protected":false},"featured_media":9748,"template":"","meta":{"_coblocks_attr":"","_coblocks_dimensions":"","_coblocks_responsive_height":"","_coblocks_accordion_ie_support":""},"product_brand":[],"product_cat":[80],"product_tag":[],"class_list":{"0":"post-9749","1":"product","2":"type-product","3":"status-publish","4":"has-post-thumbnail","6":"product_cat-huellas-de-la-pandemia","8":"first","9":"instock","10":"taxable","11":"shipping-taxable","12":"purchasable","13":"product-type-simple"},"_links":{"self":[{"href":"https:\/\/ivan-macias.com\/en\/wp-json\/wp\/v2\/product\/9749","targetHints":{"allow":["GET"]}}],"collection":[{"href":"https:\/\/ivan-macias.com\/en\/wp-json\/wp\/v2\/product"}],"about":[{"href":"https:\/\/ivan-macias.com\/en\/wp-json\/wp\/v2\/types\/product"}],"wp:featuredmedia":[{"embeddable":true,"href":"https:\/\/ivan-macias.com\/en\/wp-json\/wp\/v2\/media\/9748"}],"wp:attachment":[{"href":"https:\/\/ivan-macias.com\/en\/wp-json\/wp\/v2\/media?parent=9749"}],"wp:term":[{"taxonomy":"product_brand","embeddable":true,"href":"https:\/\/ivan-macias.com\/en\/wp-json\/wp\/v2\/product_brand?post=9749"},{"taxonomy":"product_cat","embeddable":true,"href":"https:\/\/ivan-macias.com\/en\/wp-json\/wp\/v2\/product_cat?post=9749"},{"taxonomy":"product_tag","embeddable":true,"href":"https:\/\/ivan-macias.com\/en\/wp-json\/wp\/v2\/product_tag?post=9749"}],"curies":[{"name":"wp","href":"https:\/\/api.w.org\/{rel}","templated":true}]}}